{"id":6807,"date":"2024-07-25T15:47:51","date_gmt":"2024-07-25T15:47:51","guid":{"rendered":"https:\/\/secocenter.com\/?post_type=product&#038;p=6807"},"modified":"2024-08-21T11:39:14","modified_gmt":"2024-08-21T11:39:14","slug":"llana-plastica-para-finish-qlt-279-x-140mm","status":"publish","type":"product","link":"https:\/\/secocenter.com\/?product=llana-plastica-para-finish-qlt-279-x-140mm","title":{"rendered":"LLANA PLASTICA PARA FINISH QLT 279 X 140MM"},"content":{"rendered":"<p><strong>Llana pl\u00e1stica\u00a0<\/strong><\/p>\n<p>El dise\u00f1o de esta llana pl\u00e1stica tiene una construcci\u00f3n duradera y se hizo para un uso repetido. La parte inferior de la hoja es lisa.<\/p>\n<ul>\n<li>Hecha de pl\u00e1stico duradero para un uso prolongado<\/li>\n<li>Mango resistente suave y c\u00f3modo de usar.<\/li>\n<li>Fabricado en USA<\/li>\n<\/ul>\n","protected":false},"excerpt":{"rendered":"<p><img fetchpriority=\"high\" decoding=\"async\" class=\"alignnone size-full wp-image-1865\" src=\"https:\/\/www.secocenter.com\/wp-content\/uploads\/2020\/08\/unnamed.png\" alt=\"\" width=\"1250\" height=\"209\" \/><\/p>\n","protected":false},"featured_media":6851,"comment_status":"closed","ping_status":"closed","template":"","meta":[],"product_cat":[26],"product_tag":[69],"class_list":{"0":"post-6807","1":"product","2":"type-product","3":"status-publish","4":"has-post-thumbnail","6":"product_cat-herramientas","7":"product_tag-herram-manuales","9":"first","10":"instock","11":"taxable","12":"shipping-taxable","13":"purchasable","14":"product-type-simple"},"jetpack_sharing_enabled":true,"_links":{"self":[{"href":"https:\/\/secocenter.com\/index.php?rest_route=\/wp\/v2\/product\/6807","targetHints":{"allow":["GET"]}}],"collection":[{"href":"https:\/\/secocenter.com\/index.php?rest_route=\/wp\/v2\/product"}],"about":[{"href":"https:\/\/secocenter.com\/index.php?rest_route=\/wp\/v2\/types\/product"}],"replies":[{"embeddable":true,"href":"https:\/\/secocenter.com\/index.php?rest_route=%2Fwp%2Fv2%2Fcomments&post=6807"}],"wp:featuredmedia":[{"embeddable":true,"href":"https:\/\/secocenter.com\/index.php?rest_route=\/wp\/v2\/media\/6851"}],"wp:attachment":[{"href":"https:\/\/secocenter.com\/index.php?rest_route=%2Fwp%2Fv2%2Fmedia&parent=6807"}],"wp:term":[{"taxonomy":"product_cat","embeddable":true,"href":"https:\/\/secocenter.com\/index.php?rest_route=%2Fwp%2Fv2%2Fproduct_cat&post=6807"},{"taxonomy":"product_tag","embeddable":true,"href":"https:\/\/secocenter.com\/index.php?rest_route=%2Fwp%2Fv2%2Fproduct_tag&post=6807"}],"curies":[{"name":"wp","href":"https:\/\/api.w.org\/{rel}","templated":true}]}}