{"id":6778,"date":"2024-07-25T15:47:29","date_gmt":"2024-07-25T15:47:29","guid":{"rendered":"https:\/\/secocenter.com\/?post_type=product&#038;p=6778"},"modified":"2024-07-25T15:48:26","modified_gmt":"2024-07-25T15:48:26","slug":"membrana-liquida-premium-poliuretanico-25-kg-blanco-2","status":"publish","type":"product","link":"https:\/\/secocenter.com\/?product=membrana-liquida-premium-poliuretanico-25-kg-blanco-2","title":{"rendered":"MEMBRANA LIQUIDA &#8211; PREMIUM POLIURETANICO 25 KG &#8211; BLANCO"},"content":{"rendered":"<p>Anclaflex Techos es un recubrimiento pl\u00e1stico, pintable, elaborado con resinas elastom\u00e9ricas autoreticulables asociadas con resinas de Tecnolog\u00eda POLIURET\u00c1NICA que le confieren mayor resistencia a los cambios clim\u00e1ticos, flexibilidad e impermeabilidad al agua. Su excelente elasticidad le permite acompa\u00f1ar los movimientos estructurales propios de los materiales de la construcci\u00f3n.<\/p>\n<p>Apto para ser aplicado sobre todo tipo de cubiertas. Indicado para techos horizontales, de gran pendiente o abovedados, terrazas de tr\u00e1nsito moderado cuyas superficies de terminaci\u00f3n sean de cemento, fibrocemento, baldosas y membranas asf\u00e1lticas con terminaci\u00f3n de poli\u00e9ster o similares.<\/p>\n<ul class=\"navbar-nav mx-auto\">\n<li class=\"nav-item my-auto\">PREMIUM POLIURET\u00c1NICO<\/li>\n<li>ULTRA DURABLE<\/li>\n<li class=\"nav-item my-auto\">MEMBRANA EL\u00c1STICA<\/li>\n<li>400% de Elasticidad<\/li>\n<\/ul>\n<p>RENDIMIENTO: 1-1,2 kg\/m2 &#8211; imprimaci\u00f3n m\u00e1s 3 manos de producto puro<\/p>\n<p>PRESENTACI\u00d3N: Balde de 25Kg<\/p>\n<p>TIEMPOS DE SECADO :\u00a0 6 &#8211; 8 horas entre manos, dependiendo de clima<\/p>\n<p>&nbsp;<\/p>\n<p>&nbsp;<\/p>\n","protected":false},"excerpt":{"rendered":"<p><strong>FICHA TECNICA:<\/strong> <a href=\"https:\/\/www.anclaflex.com.ar\/impermeabilizantes\/techos\">https:\/\/www.anclaflex.com.ar\/impermeabilizantes\/techos<\/a><\/p>\n<p><img fetchpriority=\"high\" decoding=\"async\" class=\"alignnone size-full wp-image-1865\" src=\"https:\/\/www.secocenter.com\/wp-content\/uploads\/2020\/08\/unnamed.png\" alt=\"\" width=\"1250\" height=\"209\" \/><\/p>\n","protected":false},"featured_media":6825,"comment_status":"closed","ping_status":"closed","template":"","meta":[],"product_cat":[22],"product_tag":[],"class_list":{"0":"post-6778","1":"product","2":"type-product","3":"status-publish","4":"has-post-thumbnail","6":"product_cat-impermeabilizacion","8":"first","9":"instock","10":"taxable","11":"shipping-taxable","12":"purchasable","13":"product-type-simple"},"jetpack_sharing_enabled":true,"_links":{"self":[{"href":"https:\/\/secocenter.com\/index.php?rest_route=\/wp\/v2\/product\/6778","targetHints":{"allow":["GET"]}}],"collection":[{"href":"https:\/\/secocenter.com\/index.php?rest_route=\/wp\/v2\/product"}],"about":[{"href":"https:\/\/secocenter.com\/index.php?rest_route=\/wp\/v2\/types\/product"}],"replies":[{"embeddable":true,"href":"https:\/\/secocenter.com\/index.php?rest_route=%2Fwp%2Fv2%2Fcomments&post=6778"}],"wp:featuredmedia":[{"embeddable":true,"href":"https:\/\/secocenter.com\/index.php?rest_route=\/wp\/v2\/media\/6825"}],"wp:attachment":[{"href":"https:\/\/secocenter.com\/index.php?rest_route=%2Fwp%2Fv2%2Fmedia&parent=6778"}],"wp:term":[{"taxonomy":"product_cat","embeddable":true,"href":"https:\/\/secocenter.com\/index.php?rest_route=%2Fwp%2Fv2%2Fproduct_cat&post=6778"},{"taxonomy":"product_tag","embeddable":true,"href":"https:\/\/secocenter.com\/index.php?rest_route=%2Fwp%2Fv2%2Fproduct_tag&post=6778"}],"curies":[{"name":"wp","href":"https:\/\/api.w.org\/{rel}","templated":true}]}}