{"id":6777,"date":"2024-07-25T15:47:29","date_gmt":"2024-07-25T15:47:29","guid":{"rendered":"https:\/\/secocenter.com\/?post_type=product&#038;p=6777"},"modified":"2024-07-25T15:48:02","modified_gmt":"2024-07-25T15:48:02","slug":"resisto-alsan-flashing-378l-sellador-bituminoso","status":"publish","type":"product","link":"https:\/\/secocenter.com\/?product=resisto-alsan-flashing-378l-sellador-bituminoso","title":{"rendered":"RESISTO &#8211; ALSAN FLASHING 3,78L \/ SELLADOR BITUMINOSO"},"content":{"rendered":"<p>Es una SELLADOR a base de bet\u00fan elastom\u00e9rico, solventes vol\u00e1tiles, fibras libres de amianto y cargas minerales para usar con las membranas y tiras impermeabilizantes RESISTO. Tambi\u00e9n se puede utilizar como masilla de calafateo, para rellenar juntas y grietas.<\/p>\n<ul>\n<li>Se puede aplicar sobre superficies mojadas.<\/li>\n<li>Se adhiere a una variedad de materiales.<\/li>\n<li>Resistente a los cambios de temperatura<\/li>\n<li>F\u00e1cil Aplicaci\u00f3n, rodillo o\u00a0 brocha.<\/li>\n<li>Pintable<\/li>\n<\/ul>\n","protected":false},"excerpt":{"rendered":"<p><a href=\"https:\/\/www.resisto.ca\/en\/product\/elastomeric-sealant-1890\/\">https:\/\/www.resisto.ca\/en\/product\/elastomeric-sealant-1890\/<\/a><\/p>\n<p><img fetchpriority=\"high\" decoding=\"async\" class=\"alignnone size-full wp-image-1865\" src=\"https:\/\/www.secocenter.com\/wp-content\/uploads\/2020\/08\/unnamed.png\" alt=\"\" width=\"1250\" height=\"209\" \/><\/p>\n","protected":false},"featured_media":6824,"comment_status":"closed","ping_status":"closed","template":"","meta":[],"product_cat":[22],"product_tag":[],"class_list":{"0":"post-6777","1":"product","2":"type-product","3":"status-publish","4":"has-post-thumbnail","6":"product_cat-impermeabilizacion","8":"first","9":"instock","10":"taxable","11":"shipping-taxable","12":"purchasable","13":"product-type-simple"},"jetpack_sharing_enabled":true,"_links":{"self":[{"href":"https:\/\/secocenter.com\/index.php?rest_route=\/wp\/v2\/product\/6777","targetHints":{"allow":["GET"]}}],"collection":[{"href":"https:\/\/secocenter.com\/index.php?rest_route=\/wp\/v2\/product"}],"about":[{"href":"https:\/\/secocenter.com\/index.php?rest_route=\/wp\/v2\/types\/product"}],"replies":[{"embeddable":true,"href":"https:\/\/secocenter.com\/index.php?rest_route=%2Fwp%2Fv2%2Fcomments&post=6777"}],"wp:featuredmedia":[{"embeddable":true,"href":"https:\/\/secocenter.com\/index.php?rest_route=\/wp\/v2\/media\/6824"}],"wp:attachment":[{"href":"https:\/\/secocenter.com\/index.php?rest_route=%2Fwp%2Fv2%2Fmedia&parent=6777"}],"wp:term":[{"taxonomy":"product_cat","embeddable":true,"href":"https:\/\/secocenter.com\/index.php?rest_route=%2Fwp%2Fv2%2Fproduct_cat&post=6777"},{"taxonomy":"product_tag","embeddable":true,"href":"https:\/\/secocenter.com\/index.php?rest_route=%2Fwp%2Fv2%2Fproduct_tag&post=6777"}],"curies":[{"name":"wp","href":"https:\/\/api.w.org\/{rel}","templated":true}]}}