{"id":6761,"date":"2024-07-25T15:47:06","date_gmt":"2024-07-25T15:47:06","guid":{"rendered":"https:\/\/secocenter.com\/?post_type=product&#038;p=6761"},"modified":"2024-08-21T11:39:40","modified_gmt":"2024-08-21T11:39:40","slug":"duo-masilla-enduido-balde-32-kg","status":"publish","type":"product","link":"https:\/\/secocenter.com\/?product=duo-masilla-enduido-balde-32-kg","title":{"rendered":"DUO &#8211; MASILLA + ENDUIDO  BALDE 32 KG"},"content":{"rendered":"<div class=\"heading-block nobottommargin topmargin-sm \">\n<p class=\"textoBordeBlanco text-center\"><strong>DUO<\/strong><\/p>\n<p>DUO Masila + Enduido es un producto desarrollado con pol\u00edmeros el\u00e1sticos en emulsi\u00f3n m\u00e1s cargas minerales finas seleccionadas que hacen de DUO un producto que re\u00fane las mejores propiedades de la masilla y del enduido en un solo producto.<\/p>\n<p>Ofrece una \u00f3ptima cremosidad facilitando su aplicaci\u00f3n y dando como resultado un acabado liso y de perfecta terminaci\u00f3n. Una vez seco presenta una gran adherencia y simpleza en el lijado.<\/p>\n<\/div>\n<div class=\"row \">\n<div class=\"col-sm-12 col-md-12 col-lg-12\">\n<div class=\"col-sm-12 col-md-12 col-lg-12 pl-0 pr-0\">\n<div class=\"text-justify pl-0 pr-0 mb-3\"><strong>Uso interior<\/strong><\/div>\n<div><\/div>\n<div class=\"text-justify pl-0 pr-0 mb-3\">Ideal para el pegado de cinta de papel o cinta tramada, tomado de juntas, recubrimiento de tornillos de sujeci\u00f3n o perfiles, reparar zonas da\u00f1adas o irregularidades de placas, terminaci\u00f3n final en tabiques y cielorrasos .<\/div>\n<div class=\"text-justify pl-0 pr-0 mb-3\">En mamposter\u00eda tradicional, revoques finos y paneles preconstruidos se puede utilizar para corregir y reparar peque\u00f1as imperfecciones y dar terminaci\u00f3n perfecta a todo tipo de superficies interiores previo al pintado.<\/div>\n<div><\/div>\n<\/div>\n<div class=\"col-sm-12 col-md-12 col-lg-12\">\n<p class=\"text-center white mt-1 mb-1\"><strong>Aplicaci\u00f3n<\/strong><\/p>\n<\/div>\n<div class=\"col-sm-12 col-md-12 col-lg-12 pl-0 pr-0\">\n<div class=\"text-justify pl-0 pr-3\"><em>PARA TOMADO DE JUNTAS EN PLACAS DE YESO<\/em><br \/>\nAplicar con esp\u00e1tula una capa fina de DUO en las uniones de placas, cubriendo aproximadamente 6 a 7 cm de ancho, sin dejar secar colocar la cinta para juntas presionando con la esp\u00e1tula y procurando retirar todo el excedente, dejar secar. Aplicar una segunda mano utilizando una esp\u00e1tula m\u00e1s ancha y una vez seca, aplicar una tercera mano para nivelar la superficie, dejar secar. Respetar el mismo procedimiento para cubrir las cabezas de los tornillos.<\/div>\n<div><\/div>\n<div class=\"text-justify pl-0 pr-3\"><em>EN MAMPOSTER\u00cdA TRADICIONAL<\/em><\/div>\n<div class=\"text-justify pl-0 pr-3\">\n<p>Puede aplicarse a esp\u00e1tula, llana met\u00e1lica, proyectado o a pincel.<\/p>\n<p>Porque tiene una excelente plasticidad admite aplicar capas de hasta 3 mm de espesor por mano sin cuartear.<\/p>\n<p><strong>Tiempo de secado<\/strong><\/p>\n<ul>\n<li>1 a 2 hs al tacto<\/li>\n<li>3 a 4 hs entre manos<\/li>\n<li>24 hs secado ginal.<\/li>\n<\/ul>\n<\/div>\n<\/div>\n<\/div>\n<\/div>\n<div><\/div>\n<div><strong>Presentaci\u00f3n<\/strong><\/div>\n<div><\/div>\n<div>Balde 32 kg<\/div>\n<div><\/div>\n<div class=\"row \">\n<div class=\"col-sm-12 col-md-12 col-lg-12\">\n<div><a href=\"https:\/\/www.secocenter.com\/wp-content\/uploads\/2020\/03\/ficha_duo.pdf\">Ficha t\u00e9cnica del producto<\/a><\/div>\n<div class=\"d-none d-md-block col-md-4 col-lg-4 pl-0 pr-0\"><\/div>\n<div class=\"row mt-3\">\n<div class=\"d-none d-md-block col-md-4 col-lg-4 pl-0 pr-0\"><\/div>\n<\/div>\n<\/div>\n<\/div>\n","protected":false},"excerpt":{"rendered":"<p><img fetchpriority=\"high\" decoding=\"async\" class=\"alignnone size-full wp-image-1865\" src=\"https:\/\/www.secocenter.com\/wp-content\/uploads\/2020\/08\/unnamed.png\" alt=\"\" width=\"1250\" height=\"209\" \/><\/p>\n","protected":false},"featured_media":6818,"comment_status":"closed","ping_status":"closed","template":"","meta":[],"product_cat":[17],"product_tag":[74],"class_list":{"0":"post-6761","1":"product","2":"type-product","3":"status-publish","4":"has-post-thumbnail","6":"product_cat-yeso","7":"product_tag-masillas-drywall","9":"first","10":"instock","11":"taxable","12":"shipping-taxable","13":"purchasable","14":"product-type-simple"},"jetpack_sharing_enabled":true,"_links":{"self":[{"href":"https:\/\/secocenter.com\/index.php?rest_route=\/wp\/v2\/product\/6761","targetHints":{"allow":["GET"]}}],"collection":[{"href":"https:\/\/secocenter.com\/index.php?rest_route=\/wp\/v2\/product"}],"about":[{"href":"https:\/\/secocenter.com\/index.php?rest_route=\/wp\/v2\/types\/product"}],"replies":[{"embeddable":true,"href":"https:\/\/secocenter.com\/index.php?rest_route=%2Fwp%2Fv2%2Fcomments&post=6761"}],"wp:featuredmedia":[{"embeddable":true,"href":"https:\/\/secocenter.com\/index.php?rest_route=\/wp\/v2\/media\/6818"}],"wp:attachment":[{"href":"https:\/\/secocenter.com\/index.php?rest_route=%2Fwp%2Fv2%2Fmedia&parent=6761"}],"wp:term":[{"taxonomy":"product_cat","embeddable":true,"href":"https:\/\/secocenter.com\/index.php?rest_route=%2Fwp%2Fv2%2Fproduct_cat&post=6761"},{"taxonomy":"product_tag","embeddable":true,"href":"https:\/\/secocenter.com\/index.php?rest_route=%2Fwp%2Fv2%2Fproduct_tag&post=6761"}],"curies":[{"name":"wp","href":"https:\/\/api.w.org\/{rel}","templated":true}]}}