{"id":6707,"date":"2024-07-25T15:45:57","date_gmt":"2024-07-25T15:45:57","guid":{"rendered":"https:\/\/secocenter.com\/?post_type=product&#038;p=6707"},"modified":"2024-07-25T15:47:19","modified_gmt":"2024-07-25T15:47:19","slug":"zocalo-sanitario-curvo-flexible-de-pvc-blanco-x-3m","status":"publish","type":"product","link":"https:\/\/secocenter.com\/?product=zocalo-sanitario-curvo-flexible-de-pvc-blanco-x-3m","title":{"rendered":"Z\u00d3CALO SANITARIO CURVO FLEXIBLE DE PVC BLANCO X 3M"},"content":{"rendered":"<p><strong>Z\u00f3calo sanitario<\/strong><\/p>\n<p>Los Z\u00f3calos de pvc han sido desarrollados a partir de PVC r\u00edgido, flexible y expandido, obteni\u00e9ndose un producto de similares caracter\u00edsticas que la madera, pero sin ninguno de sus inconvenientes.<\/p>\n<p>Los Z\u00f3calos de pvc se trabajan como la madera, pudi\u00e9ndose cortar, atornillar, perforar e ingletar con las mismas herramientas.<\/p>\n<p>No se pudren ni son atacados por insectos ni hongos; son f\u00e1cilmente lavables y pintables. Se pueden fijar con cemento de contacto, silicona o adhesivos universales, o mec\u00e1nicamente mediante tornillos o clavos.<\/p>\n<p>VENTAJAS<\/p>\n<ul>\n<li>Mayor resistencia y durabilidad<\/li>\n<li>No requiere mano de obra especializada<\/li>\n<li>Excelente aspecto est\u00e9tico.<\/li>\n<li>F\u00e1cil de instalar<\/li>\n<li>Reciclable<\/li>\n<li>No propaga llama<\/li>\n<li>Se lava con agua y detergente<\/li>\n<li>No necesita manutenci\u00f3n<\/li>\n<li>No requiere mantenimiento<\/li>\n<li>100% resistente a la humedad<\/li>\n<li>Impermeable<\/li>\n<li>Resistente a insectos<\/li>\n<li>Auto extinguible<\/li>\n<li>Resistente a qu\u00edmicos<\/li>\n<\/ul>\n<p>Color: blanco<\/p>\n<p>Largo: 3 m<\/p>\n<p><a href=\"https:\/\/www.secocenter.com\/wp-content\/uploads\/2020\/02\/Zocalos-Perfilwood-1.pdf\">Ficha t\u00e9cnica del producto<\/a><\/p>\n","protected":false},"excerpt":{"rendered":"<p><img fetchpriority=\"high\" decoding=\"async\" class=\"alignnone size-full wp-image-1865\" src=\"https:\/\/www.secocenter.com\/wp-content\/uploads\/2020\/08\/unnamed.png\" alt=\"\" width=\"1250\" height=\"209\" \/><\/p>\n","protected":false},"featured_media":6768,"comment_status":"closed","ping_status":"closed","template":"","meta":[],"product_cat":[17],"product_tag":[35],"class_list":{"0":"post-6707","1":"product","2":"type-product","3":"status-publish","4":"has-post-thumbnail","6":"product_cat-yeso","7":"product_tag-cielorraso-pvc","9":"first","10":"instock","11":"taxable","12":"shipping-taxable","13":"purchasable","14":"product-type-simple"},"jetpack_sharing_enabled":true,"_links":{"self":[{"href":"https:\/\/secocenter.com\/index.php?rest_route=\/wp\/v2\/product\/6707","targetHints":{"allow":["GET"]}}],"collection":[{"href":"https:\/\/secocenter.com\/index.php?rest_route=\/wp\/v2\/product"}],"about":[{"href":"https:\/\/secocenter.com\/index.php?rest_route=\/wp\/v2\/types\/product"}],"replies":[{"embeddable":true,"href":"https:\/\/secocenter.com\/index.php?rest_route=%2Fwp%2Fv2%2Fcomments&post=6707"}],"wp:featuredmedia":[{"embeddable":true,"href":"https:\/\/secocenter.com\/index.php?rest_route=\/wp\/v2\/media\/6768"}],"wp:attachment":[{"href":"https:\/\/secocenter.com\/index.php?rest_route=%2Fwp%2Fv2%2Fmedia&parent=6707"}],"wp:term":[{"taxonomy":"product_cat","embeddable":true,"href":"https:\/\/secocenter.com\/index.php?rest_route=%2Fwp%2Fv2%2Fproduct_cat&post=6707"},{"taxonomy":"product_tag","embeddable":true,"href":"https:\/\/secocenter.com\/index.php?rest_route=%2Fwp%2Fv2%2Fproduct_tag&post=6707"}],"curies":[{"name":"wp","href":"https:\/\/api.w.org\/{rel}","templated":true}]}}