{"id":6701,"date":"2024-07-25T15:45:57","date_gmt":"2024-07-25T15:45:57","guid":{"rendered":"https:\/\/secocenter.com\/?post_type=product&#038;p=6701"},"modified":"2024-07-25T15:47:05","modified_gmt":"2024-07-25T15:47:05","slug":"latex-interior-pradera-para-yeso-x-20l-blanco","status":"publish","type":"product","link":"https:\/\/secocenter.com\/?product=latex-interior-pradera-para-yeso-x-20l-blanco","title":{"rendered":"LATEX INTERIOR PRADERA PARA YESO X 20L BLANCO"},"content":{"rendered":"<p><strong>L\u00e1tex interior<\/strong><\/p>\n<p>Producto acr\u00edlico de base acuosa desarrollado para proteger y decorar paredes interiores.<\/p>\n<p>Su f\u00f3rmula equilibrada facilita la aplicaci\u00f3n disminuyendo el salpicado, confiere muy buena nivelaci\u00f3n, buen poder cubritivo y es resistente al lavado.<\/p>\n<p>Sus componentes aditivos de alta efectividad le confieren una gran renuencia a los hongos y una mejor penetraci\u00f3n y adherencia.<\/p>\n<p>Pintura apta para ser entonada con entonador universal.<\/p>\n<p>Desarrollada con un concepto ecol\u00f3gico logrando entonces un producto con bajo contenido V.O.C. (compuestos vol\u00e1tiles org\u00e1nicos), dando como resultado un producto amigable con el medio ambiente y\u00a0 con los usuarios.<\/p>\n<p>Ideal para uso interior en el hogar y adecuado para habitaciones infantiles, por que su secado r\u00e1pido\u00a0 y\u00a0 su bajo olor permite una r\u00e1pida habitabilidad.<\/p>\n<section id=\"caracteristicas\" class=\"productos-faq\">\n<div class=\"container\">\n<div class=\"row\">\n<div class=\"col-md-10 col-lg-10 mx-auto\">\n<div class=\"heading-block nobottommargin topmargin-sm \">\n<p class=\"titular text-center\">Caracter\u00edsticas del producto:<\/p>\n<ul>\n<li>Excelente poder cubritivo<\/li>\n<li>Buena nivelaci\u00f3n<\/li>\n<li>Durabilidad<\/li>\n<li>Anti-hongo<\/li>\n<li>Acabado mate<\/li>\n<li>Lavable<\/li>\n<\/ul>\n<p>Tiempo de secado: 2 a 3 horas al tacto y 6 horas entre manos,\u00a0dependiendo de las condiciones de humedad y temperatura.<\/p>\n<p>Color: blanco<\/p>\n<p>Presentaci\u00f3n: balde de 20 litros<\/p>\n<p>Rendimiento: 8 a 10 m2 por litro y por mano dependiendo la forma de aplicaci\u00f3n, o seg\u00fan el estado del sustrato.<\/p>\n<p><a href=\"https:\/\/www.secocenter.com\/wp-content\/uploads\/2020\/02\/ficha_pradera_interior.pdf\">Ficha t\u00e9cnica del producto<\/a><\/p>\n<\/div>\n<\/div>\n<\/div>\n<\/div>\n<\/section>\n","protected":false},"excerpt":{"rendered":"<p><img fetchpriority=\"high\" decoding=\"async\" class=\"alignnone size-full wp-image-1865\" src=\"https:\/\/www.secocenter.com\/wp-content\/uploads\/2020\/08\/unnamed.png\" alt=\"\" width=\"1250\" height=\"209\" \/><\/p>\n","protected":false},"featured_media":6756,"comment_status":"closed","ping_status":"closed","template":"","meta":[],"product_cat":[17],"product_tag":[63],"class_list":{"0":"post-6701","1":"product","2":"type-product","3":"status-publish","4":"has-post-thumbnail","6":"product_cat-yeso","7":"product_tag-accesorios-drywall","9":"first","10":"instock","11":"taxable","12":"shipping-taxable","13":"purchasable","14":"product-type-simple"},"jetpack_sharing_enabled":true,"_links":{"self":[{"href":"https:\/\/secocenter.com\/index.php?rest_route=\/wp\/v2\/product\/6701","targetHints":{"allow":["GET"]}}],"collection":[{"href":"https:\/\/secocenter.com\/index.php?rest_route=\/wp\/v2\/product"}],"about":[{"href":"https:\/\/secocenter.com\/index.php?rest_route=\/wp\/v2\/types\/product"}],"replies":[{"embeddable":true,"href":"https:\/\/secocenter.com\/index.php?rest_route=%2Fwp%2Fv2%2Fcomments&post=6701"}],"wp:featuredmedia":[{"embeddable":true,"href":"https:\/\/secocenter.com\/index.php?rest_route=\/wp\/v2\/media\/6756"}],"wp:attachment":[{"href":"https:\/\/secocenter.com\/index.php?rest_route=%2Fwp%2Fv2%2Fmedia&parent=6701"}],"wp:term":[{"taxonomy":"product_cat","embeddable":true,"href":"https:\/\/secocenter.com\/index.php?rest_route=%2Fwp%2Fv2%2Fproduct_cat&post=6701"},{"taxonomy":"product_tag","embeddable":true,"href":"https:\/\/secocenter.com\/index.php?rest_route=%2Fwp%2Fv2%2Fproduct_tag&post=6701"}],"curies":[{"name":"wp","href":"https:\/\/api.w.org\/{rel}","templated":true}]}}