{"id":6700,"date":"2024-07-25T15:45:56","date_gmt":"2024-07-25T15:45:56","guid":{"rendered":"https:\/\/secocenter.com\/?post_type=product&#038;p=6700"},"modified":"2024-07-25T15:47:01","modified_gmt":"2024-07-25T15:47:01","slug":"tapa-de-inspeccion-para-yeso-60-x-60","status":"publish","type":"product","link":"https:\/\/secocenter.com\/?product=tapa-de-inspeccion-para-yeso-60-x-60","title":{"rendered":"TAPA DE INSPECCI\u00d3N PARA YESO 60 X 60"},"content":{"rendered":"<div class=\"vc_col-sm-6 wpb_column column_container vc_column_container col no-extra-padding\" data-padding-pos=\"all\" data-has-bg-color=\"false\" data-bg-color=\"\" data-bg-opacity=\"1\" data-animation=\"\" data-delay=\"0\">\n<div class=\"vc_column-inner\">\n<div class=\"wpb_wrapper\">\n<div class=\"wpb_text_column wpb_content_element \">\n<div class=\"wpb_wrapper\">\n<p><strong>Tapa de inspecci\u00f3n:<\/strong><\/p>\n<p>Las Tapas de Inspecci\u00f3n se utilizan para realizar visitas de inspecci\u00f3n y trabajos de mantenimiento en instalaciones el\u00e9ctricas, aire acondicionado, etc.<\/p>\n<\/div>\n<\/div>\n<\/div>\n<\/div>\n<\/div>\n<div class=\"vc_col-sm-6 wpb_column column_container vc_column_container col no-extra-padding\" data-padding-pos=\"all\" data-has-bg-color=\"false\" data-bg-color=\"\" data-bg-opacity=\"1\" data-animation=\"\" data-delay=\"0\">\n<div class=\"vc_column-inner\">\n<div class=\"wpb_wrapper\">\n<div class=\"wpb_text_column wpb_content_element \">\n<div class=\"wpb_wrapper\">\n<p>Las tapas de inspecci\u00f3n se instalan de manera pr\u00e1ctica y veloz.<\/p>\n<p>Est\u00e1n compuestas por un marco fijo de aluminio y un marco movible (90\u00b0), que puede ser desmontado para facilitar el acceso.<\/p>\n<p>Ventajas del producto:<\/p>\n<ul>\n<li>F\u00e1cil acceso a las instalaciones.<\/li>\n<li>R\u00e1pida y f\u00e1cil colocaci\u00f3n.<\/li>\n<li>Excelente calidad de terminaci\u00f3n.<\/li>\n<li>Perfecta integraci\u00f3n con la superficie.<\/li>\n<li>Liviana e inoxidable.<\/li>\n<\/ul>\n<p>Medidas: 60 cm x 60 cm<\/p>\n<\/div>\n<\/div>\n<\/div>\n<\/div>\n<\/div>\n","protected":false},"excerpt":{"rendered":"<p><img fetchpriority=\"high\" decoding=\"async\" class=\"alignnone size-full wp-image-1865\" src=\"https:\/\/www.secocenter.com\/wp-content\/uploads\/2020\/08\/unnamed.png\" alt=\"\" width=\"1250\" height=\"209\" \/><\/p>\n","protected":false},"featured_media":6755,"comment_status":"closed","ping_status":"closed","template":"","meta":[],"product_cat":[17],"product_tag":[63],"class_list":{"0":"post-6700","1":"product","2":"type-product","3":"status-publish","4":"has-post-thumbnail","6":"product_cat-yeso","7":"product_tag-accesorios-drywall","9":"first","10":"instock","11":"taxable","12":"shipping-taxable","13":"purchasable","14":"product-type-simple"},"jetpack_sharing_enabled":true,"_links":{"self":[{"href":"https:\/\/secocenter.com\/index.php?rest_route=\/wp\/v2\/product\/6700","targetHints":{"allow":["GET"]}}],"collection":[{"href":"https:\/\/secocenter.com\/index.php?rest_route=\/wp\/v2\/product"}],"about":[{"href":"https:\/\/secocenter.com\/index.php?rest_route=\/wp\/v2\/types\/product"}],"replies":[{"embeddable":true,"href":"https:\/\/secocenter.com\/index.php?rest_route=%2Fwp%2Fv2%2Fcomments&post=6700"}],"wp:featuredmedia":[{"embeddable":true,"href":"https:\/\/secocenter.com\/index.php?rest_route=\/wp\/v2\/media\/6755"}],"wp:attachment":[{"href":"https:\/\/secocenter.com\/index.php?rest_route=%2Fwp%2Fv2%2Fmedia&parent=6700"}],"wp:term":[{"taxonomy":"product_cat","embeddable":true,"href":"https:\/\/secocenter.com\/index.php?rest_route=%2Fwp%2Fv2%2Fproduct_cat&post=6700"},{"taxonomy":"product_tag","embeddable":true,"href":"https:\/\/secocenter.com\/index.php?rest_route=%2Fwp%2Fv2%2Fproduct_tag&post=6700"}],"curies":[{"name":"wp","href":"https:\/\/api.w.org\/{rel}","templated":true}]}}