{"id":6678,"date":"2024-07-25T15:45:35","date_gmt":"2024-07-25T15:45:35","guid":{"rendered":"https:\/\/secocenter.com\/?post_type=product&#038;p=6678"},"modified":"2024-07-25T15:46:53","modified_gmt":"2024-07-25T15:46:53","slug":"enduido-pradera-interior-18-kg-10l","status":"publish","type":"product","link":"https:\/\/secocenter.com\/?product=enduido-pradera-interior-18-kg-10l","title":{"rendered":"ENDUIDO PRADERA INTERIOR 18 KG 10L"},"content":{"rendered":"<p><strong>Enduido interior<\/strong><\/p>\n<p>Desarrollado para corregir y reparar peque\u00f1as imperfecciones en superficies interiores como fisuras, poros, etc.<\/p>\n<p>Ofrece una \u00f3ptima cremosidad facilitando su aplicaci\u00f3n y dando como resultado un acabado liso y de perfecta terminaci\u00f3n.<\/p>\n<p>Una vez seco, presenta una gran adherencia y simpleza en el lijado.<\/p>\n<p>Sus componentes aditivos de alta efectividad le confieren una gran renuencia a los hongos y una mejor adherencia.<\/p>\n<p>Compatible con todo tipo de selladores.<\/p>\n<p>Se puede aplicar a pincel, esp\u00e1tula o llana. Por su excelente plasticidad admite aplicar capas de hasta 3 mm de espesor por mano sin cuartear. En condiciones \u00f3ptimas de humedad y temperatura, respetar el tiempo de secado especificado y luego lijar. Si es necesario repetir la aplicaci\u00f3n.<\/p>\n<p>Tiempo de secado: 4 a 6 hs, en condiciones normales de humedad y temperatura.<\/p>\n<p>Rendimiento: 1 litro por m2 y por mano, en capas de 1 mm de espesor, dependiendo de la absorci\u00f3n y rugosidad de la superficie.<\/p>\n<p><a href=\"https:\/\/www.secocenter.com\/wp-content\/uploads\/2020\/02\/Ficha-tecnica-enduido.pdf\">Ficha t\u00e9cnica enduido<\/a><\/p>\n","protected":false},"excerpt":{"rendered":"<p><img fetchpriority=\"high\" decoding=\"async\" class=\"alignnone size-full wp-image-1865\" src=\"https:\/\/www.secocenter.com\/wp-content\/uploads\/2020\/08\/unnamed.png\" alt=\"\" width=\"1250\" height=\"209\" \/><\/p>\n","protected":false},"featured_media":6752,"comment_status":"closed","ping_status":"closed","template":"","meta":[],"product_cat":[17],"product_tag":[63],"class_list":{"0":"post-6678","1":"product","2":"type-product","3":"status-publish","4":"has-post-thumbnail","6":"product_cat-yeso","7":"product_tag-accesorios-drywall","9":"first","10":"instock","11":"taxable","12":"shipping-taxable","13":"purchasable","14":"product-type-simple"},"jetpack_sharing_enabled":true,"_links":{"self":[{"href":"https:\/\/secocenter.com\/index.php?rest_route=\/wp\/v2\/product\/6678","targetHints":{"allow":["GET"]}}],"collection":[{"href":"https:\/\/secocenter.com\/index.php?rest_route=\/wp\/v2\/product"}],"about":[{"href":"https:\/\/secocenter.com\/index.php?rest_route=\/wp\/v2\/types\/product"}],"replies":[{"embeddable":true,"href":"https:\/\/secocenter.com\/index.php?rest_route=%2Fwp%2Fv2%2Fcomments&post=6678"}],"wp:featuredmedia":[{"embeddable":true,"href":"https:\/\/secocenter.com\/index.php?rest_route=\/wp\/v2\/media\/6752"}],"wp:attachment":[{"href":"https:\/\/secocenter.com\/index.php?rest_route=%2Fwp%2Fv2%2Fmedia&parent=6678"}],"wp:term":[{"taxonomy":"product_cat","embeddable":true,"href":"https:\/\/secocenter.com\/index.php?rest_route=%2Fwp%2Fv2%2Fproduct_cat&post=6678"},{"taxonomy":"product_tag","embeddable":true,"href":"https:\/\/secocenter.com\/index.php?rest_route=%2Fwp%2Fv2%2Fproduct_tag&post=6678"}],"curies":[{"name":"wp","href":"https:\/\/api.w.org\/{rel}","templated":true}]}}