{"id":6670,"date":"2024-07-25T15:45:34","date_gmt":"2024-07-25T15:45:34","guid":{"rendered":"https:\/\/secocenter.com\/?post_type=product&#038;p=6670"},"modified":"2024-07-25T15:46:19","modified_gmt":"2024-07-25T15:46:19","slug":"puerta-de-acceso-12-x-12","status":"publish","type":"product","link":"https:\/\/secocenter.com\/?product=puerta-de-acceso-12-x-12","title":{"rendered":"PUERTA DE ACCESO 12&#8243; x 12&#8243;"},"content":{"rendered":"<p><strong>Puerta de acceso<\/strong><\/p>\n<p>Los paneles de acceso brindan un acceso conveniente a las \u00e1reas de servicio, que incluyen plomer\u00eda, electricidad, sistemas de seguridad, tel\u00e9fonos, cables de computadora y sistemas de rociadores. Cada panel de acceso ofrece un marco de montaje empotrado o en superficie.<\/p>\n<p>Caracter\u00edsticas del producto:<\/p>\n<ul>\n<li>Se instala f\u00e1cilmente entre los montantes de la pared o las vigas del techo<\/li>\n<li>Marco empotrado o montado en superficie<\/li>\n<li>Se utiliza para permitir el acceso a plomer\u00eda, cableado el\u00e9ctrico u otras aplicaciones de servicios p\u00fablicos detr\u00e1s de paredes o techos.<\/li>\n<li>Construido de ABS de alto impacto<\/li>\n<li>La puerta requiere un destornillador para abrirse para la seguridad de los ni\u00f1os<\/li>\n<li>Medidas: 12&#8243; x 12&#8243;<\/li>\n<li>Color: blanco<\/li>\n<\/ul>\n","protected":false},"excerpt":{"rendered":"<p><img fetchpriority=\"high\" decoding=\"async\" class=\"alignnone size-full wp-image-1865\" src=\"https:\/\/www.secocenter.com\/wp-content\/uploads\/2020\/08\/unnamed.png\" alt=\"\" width=\"1250\" height=\"209\" \/><\/p>\n","protected":false},"featured_media":6719,"comment_status":"closed","ping_status":"closed","template":"","meta":[],"product_cat":[17],"product_tag":[63],"class_list":{"0":"post-6670","1":"product","2":"type-product","3":"status-publish","4":"has-post-thumbnail","6":"product_cat-yeso","7":"product_tag-accesorios-drywall","9":"first","10":"instock","11":"taxable","12":"shipping-taxable","13":"purchasable","14":"product-type-simple"},"jetpack_sharing_enabled":true,"_links":{"self":[{"href":"https:\/\/secocenter.com\/index.php?rest_route=\/wp\/v2\/product\/6670","targetHints":{"allow":["GET"]}}],"collection":[{"href":"https:\/\/secocenter.com\/index.php?rest_route=\/wp\/v2\/product"}],"about":[{"href":"https:\/\/secocenter.com\/index.php?rest_route=\/wp\/v2\/types\/product"}],"replies":[{"embeddable":true,"href":"https:\/\/secocenter.com\/index.php?rest_route=%2Fwp%2Fv2%2Fcomments&post=6670"}],"wp:featuredmedia":[{"embeddable":true,"href":"https:\/\/secocenter.com\/index.php?rest_route=\/wp\/v2\/media\/6719"}],"wp:attachment":[{"href":"https:\/\/secocenter.com\/index.php?rest_route=%2Fwp%2Fv2%2Fmedia&parent=6670"}],"wp:term":[{"taxonomy":"product_cat","embeddable":true,"href":"https:\/\/secocenter.com\/index.php?rest_route=%2Fwp%2Fv2%2Fproduct_cat&post=6670"},{"taxonomy":"product_tag","embeddable":true,"href":"https:\/\/secocenter.com\/index.php?rest_route=%2Fwp%2Fv2%2Fproduct_tag&post=6670"}],"curies":[{"name":"wp","href":"https:\/\/api.w.org\/{rel}","templated":true}]}}