{"id":6457,"date":"2024-07-25T15:41:52","date_gmt":"2024-07-25T15:41:52","guid":{"rendered":"https:\/\/secocenter.com\/?post_type=product&#038;p=6457"},"modified":"2024-07-25T15:44:06","modified_gmt":"2024-07-25T15:44:06","slug":"estampador-p-perfiles-red-line","status":"publish","type":"product","link":"https:\/\/secocenter.com\/?product=estampador-p-perfiles-red-line","title":{"rendered":"ESTAMPADOR P\/PERFILES RED LINE"},"content":{"rendered":"<p><strong>Estampador<\/strong><\/p>\n<p>El estampador de perfiles tiene la resistencia adecuada para soportar la tensi\u00f3n desde cualquier angulo.<\/p>\n<p>Cabe dentro de los perfiles mas peque\u00f1os.<\/p>\n<p>Las manijas saltan hacia atr\u00e1s luego de hacer un estampado para que el punz\u00f3n vuelva a estar en posici\u00f3n para el pr\u00f3ximo movimiento.<\/p>\n","protected":false},"excerpt":{"rendered":"<p><img fetchpriority=\"high\" decoding=\"async\" class=\"alignnone size-full wp-image-1865\" src=\"https:\/\/www.secocenter.com\/wp-content\/uploads\/2020\/08\/unnamed.png\" alt=\"\" width=\"1250\" height=\"209\" \/><\/p>\n","protected":false},"featured_media":6553,"comment_status":"closed","ping_status":"closed","template":"","meta":[],"product_cat":[26],"product_tag":[69],"class_list":{"0":"post-6457","1":"product","2":"type-product","3":"status-publish","4":"has-post-thumbnail","6":"product_cat-herramientas","7":"product_tag-herram-manuales","9":"first","10":"instock","11":"taxable","12":"shipping-taxable","13":"purchasable","14":"product-type-simple"},"jetpack_sharing_enabled":true,"_links":{"self":[{"href":"https:\/\/secocenter.com\/index.php?rest_route=\/wp\/v2\/product\/6457","targetHints":{"allow":["GET"]}}],"collection":[{"href":"https:\/\/secocenter.com\/index.php?rest_route=\/wp\/v2\/product"}],"about":[{"href":"https:\/\/secocenter.com\/index.php?rest_route=\/wp\/v2\/types\/product"}],"replies":[{"embeddable":true,"href":"https:\/\/secocenter.com\/index.php?rest_route=%2Fwp%2Fv2%2Fcomments&post=6457"}],"wp:featuredmedia":[{"embeddable":true,"href":"https:\/\/secocenter.com\/index.php?rest_route=\/wp\/v2\/media\/6553"}],"wp:attachment":[{"href":"https:\/\/secocenter.com\/index.php?rest_route=%2Fwp%2Fv2%2Fmedia&parent=6457"}],"wp:term":[{"taxonomy":"product_cat","embeddable":true,"href":"https:\/\/secocenter.com\/index.php?rest_route=%2Fwp%2Fv2%2Fproduct_cat&post=6457"},{"taxonomy":"product_tag","embeddable":true,"href":"https:\/\/secocenter.com\/index.php?rest_route=%2Fwp%2Fv2%2Fproduct_tag&post=6457"}],"curies":[{"name":"wp","href":"https:\/\/api.w.org\/{rel}","templated":true}]}}