{"id":6430,"date":"2024-07-25T15:41:05","date_gmt":"2024-07-25T15:41:05","guid":{"rendered":"https:\/\/secocenter.com\/?post_type=product&#038;p=6430"},"modified":"2024-07-25T15:43:14","modified_gmt":"2024-07-25T15:43:14","slug":"mezclador-manual-para-masilla","status":"publish","type":"product","link":"https:\/\/secocenter.com\/?product=mezclador-manual-para-masilla","title":{"rendered":"MEZCLADOR MANUAL PARA MASILLA"},"content":{"rendered":"<p><strong>Mezclador manual<\/strong><\/p>\n<p>Mezcle r\u00e1pidamente la masilla con los mezcladores MARSHALLTOWN.<\/p>\n<p>Cada mezclador cuenta con un cabezal de acero de gran calibre que ha sido enchapado y dise\u00f1ado para resistir el \u00f3xido.<\/p>\n<p>El mezclador esta fabricado con una f\u00e9rula de metal que asegura el cabezal a un mango de madera resistente, el cu\u00e1l tiene forma semi &#8211; redondeada para un mejor y c\u00f3modo agarre a la hora de trabajar.<\/p>\n<p>Caracter\u00edsticas:<\/p>\n<ul>\n<li>Cabeza de 6 &#8220;x 6\u00bd&#8221; con un mango de 37 &#8220;.<\/li>\n<li>Fabricado en EE. UU. Con materiales globales.<\/li>\n<li>Mango semi &#8211; redondeado<\/li>\n<li>Peso: 500 gramos<\/li>\n<\/ul>\n<p>&nbsp;<\/p>\n<p>&nbsp;<\/p>\n","protected":false},"excerpt":{"rendered":"<p><img fetchpriority=\"high\" decoding=\"async\" class=\"alignnone size-full wp-image-1865\" src=\"https:\/\/www.secocenter.com\/wp-content\/uploads\/2020\/08\/unnamed.png\" alt=\"\" width=\"1250\" height=\"209\" \/><\/p>\n","protected":false},"featured_media":6522,"comment_status":"closed","ping_status":"closed","template":"","meta":[],"product_cat":[26],"product_tag":[69],"class_list":{"0":"post-6430","1":"product","2":"type-product","3":"status-publish","4":"has-post-thumbnail","6":"product_cat-herramientas","7":"product_tag-herram-manuales","9":"first","10":"instock","11":"taxable","12":"shipping-taxable","13":"purchasable","14":"product-type-simple"},"jetpack_sharing_enabled":true,"_links":{"self":[{"href":"https:\/\/secocenter.com\/index.php?rest_route=\/wp\/v2\/product\/6430","targetHints":{"allow":["GET"]}}],"collection":[{"href":"https:\/\/secocenter.com\/index.php?rest_route=\/wp\/v2\/product"}],"about":[{"href":"https:\/\/secocenter.com\/index.php?rest_route=\/wp\/v2\/types\/product"}],"replies":[{"embeddable":true,"href":"https:\/\/secocenter.com\/index.php?rest_route=%2Fwp%2Fv2%2Fcomments&post=6430"}],"wp:featuredmedia":[{"embeddable":true,"href":"https:\/\/secocenter.com\/index.php?rest_route=\/wp\/v2\/media\/6522"}],"wp:attachment":[{"href":"https:\/\/secocenter.com\/index.php?rest_route=%2Fwp%2Fv2%2Fmedia&parent=6430"}],"wp:term":[{"taxonomy":"product_cat","embeddable":true,"href":"https:\/\/secocenter.com\/index.php?rest_route=%2Fwp%2Fv2%2Fproduct_cat&post=6430"},{"taxonomy":"product_tag","embeddable":true,"href":"https:\/\/secocenter.com\/index.php?rest_route=%2Fwp%2Fv2%2Fproduct_tag&post=6430"}],"curies":[{"name":"wp","href":"https:\/\/api.w.org\/{rel}","templated":true}]}}