{"id":6428,"date":"2024-07-25T15:41:05","date_gmt":"2024-07-25T15:41:05","guid":{"rendered":"https:\/\/secocenter.com\/?post_type=product&#038;p=6428"},"modified":"2024-07-25T15:42:48","modified_gmt":"2024-07-25T15:42:48","slug":"abre-balde","status":"publish","type":"product","link":"https:\/\/secocenter.com\/?product=abre-balde","title":{"rendered":"ABRE BALDE"},"content":{"rendered":"<p><strong>Abre balde<\/strong><\/p>\n<p>El abridor de balde MARSHALLTOWN le brinda una manera nueva, r\u00e1pida y f\u00e1cil de quitar las tapas de baldes de pl\u00e1stico de 5 galones.<\/p>\n<p>Este producto tiene un pl\u00e1stico moldeado duradero para una larga vida.<\/p>\n<p>Obtenga este producto para brindar eficiencia a sus tareas de pintura y revestimiento de paredes.<\/p>\n<p>Este producto est\u00e1 fabricado en los Estados Unidos con materiales globales.<\/p>\n<p>Caracter\u00edsticas:<\/p>\n<p>Pl\u00e1stico moldeado resistente<br \/>\nQuita las tapas de pl\u00e1stico de 5 galones<br \/>\nDise\u00f1o de \u00be x 8\u00bc<br \/>\nFabricado en EE. UU. Con materiales globales<\/p>\n","protected":false},"excerpt":{"rendered":"<p><img fetchpriority=\"high\" decoding=\"async\" class=\"alignnone size-full wp-image-1865\" src=\"https:\/\/www.secocenter.com\/wp-content\/uploads\/2020\/08\/unnamed.png\" alt=\"\" width=\"1250\" height=\"209\" \/><\/p>\n","protected":false},"featured_media":6512,"comment_status":"closed","ping_status":"closed","template":"","meta":[],"product_cat":[26],"product_tag":[69],"class_list":{"0":"post-6428","1":"product","2":"type-product","3":"status-publish","4":"has-post-thumbnail","6":"product_cat-herramientas","7":"product_tag-herram-manuales","9":"first","10":"instock","11":"taxable","12":"shipping-taxable","13":"purchasable","14":"product-type-simple"},"jetpack_sharing_enabled":true,"_links":{"self":[{"href":"https:\/\/secocenter.com\/index.php?rest_route=\/wp\/v2\/product\/6428","targetHints":{"allow":["GET"]}}],"collection":[{"href":"https:\/\/secocenter.com\/index.php?rest_route=\/wp\/v2\/product"}],"about":[{"href":"https:\/\/secocenter.com\/index.php?rest_route=\/wp\/v2\/types\/product"}],"replies":[{"embeddable":true,"href":"https:\/\/secocenter.com\/index.php?rest_route=%2Fwp%2Fv2%2Fcomments&post=6428"}],"wp:featuredmedia":[{"embeddable":true,"href":"https:\/\/secocenter.com\/index.php?rest_route=\/wp\/v2\/media\/6512"}],"wp:attachment":[{"href":"https:\/\/secocenter.com\/index.php?rest_route=%2Fwp%2Fv2%2Fmedia&parent=6428"}],"wp:term":[{"taxonomy":"product_cat","embeddable":true,"href":"https:\/\/secocenter.com\/index.php?rest_route=%2Fwp%2Fv2%2Fproduct_cat&post=6428"},{"taxonomy":"product_tag","embeddable":true,"href":"https:\/\/secocenter.com\/index.php?rest_route=%2Fwp%2Fv2%2Fproduct_tag&post=6428"}],"curies":[{"name":"wp","href":"https:\/\/api.w.org\/{rel}","templated":true}]}}