{"id":6406,"date":"2024-07-25T15:40:32","date_gmt":"2024-07-25T15:40:32","guid":{"rendered":"https:\/\/secocenter.com\/?post_type=product&#038;p=6406"},"modified":"2024-07-25T15:42:24","modified_gmt":"2024-07-25T15:42:24","slug":"compas-de-corte-8-1-2","status":"publish","type":"product","link":"https:\/\/secocenter.com\/?product=compas-de-corte-8-1-2","title":{"rendered":"COMPAS DE CORTE 8 1\/2&#8243;"},"content":{"rendered":"<p><strong>Comp\u00e1s de corte\u00a0 MARSHALLTOWN.<\/strong><\/p>\n<p>Corte c\u00edrculos limpios y precisos de hasta 40 cm de di\u00e1metro para artefactos de iluminaci\u00f3n y plomer\u00eda con el comp\u00e1s de corte para placas de yeso MARSHALLTOWN.<\/p>\n<p>El mismo cuenta con una rueda cortadora reforzada y un pasador central el cual permanece afilado indefinidamente.<\/p>\n<p>Las mediciones resultan f\u00e1ciles y precisas gracias a su eje de acero calibrado.<\/p>\n<p><strong>Caracter\u00edsticas del producto:\u00a0<\/strong><\/p>\n<p>Eje de acero calibrado para una f\u00e1cil medici\u00f3n y una excelente precisi\u00f3n.<br \/>\nCorta c\u00edrculos precisos y limpios de hasta 40 cent\u00edmetros de di\u00e1metro gracias a su rueda de corte.<br \/>\nRueda de corte reforzada y pasador central que permanecer\u00e1 afilado indefinidamente<\/p>\n<p>Producto de excelente calidad fabricado con los mejores materiales.<\/p>\n<p>&nbsp;<\/p>\n<p>&nbsp;<\/p>\n<p>&nbsp;<\/p>\n","protected":false},"excerpt":{"rendered":"<p><img fetchpriority=\"high\" decoding=\"async\" class=\"alignnone size-full wp-image-1865\" src=\"https:\/\/www.secocenter.com\/wp-content\/uploads\/2020\/08\/unnamed.png\" alt=\"\" width=\"1250\" height=\"209\" \/><\/p>\n","protected":false},"featured_media":6479,"comment_status":"closed","ping_status":"closed","template":"","meta":[],"product_cat":[26],"product_tag":[69],"class_list":{"0":"post-6406","1":"product","2":"type-product","3":"status-publish","4":"has-post-thumbnail","6":"product_cat-herramientas","7":"product_tag-herram-manuales","9":"first","10":"instock","11":"taxable","12":"shipping-taxable","13":"purchasable","14":"product-type-simple"},"jetpack_sharing_enabled":true,"_links":{"self":[{"href":"https:\/\/secocenter.com\/index.php?rest_route=\/wp\/v2\/product\/6406","targetHints":{"allow":["GET"]}}],"collection":[{"href":"https:\/\/secocenter.com\/index.php?rest_route=\/wp\/v2\/product"}],"about":[{"href":"https:\/\/secocenter.com\/index.php?rest_route=\/wp\/v2\/types\/product"}],"replies":[{"embeddable":true,"href":"https:\/\/secocenter.com\/index.php?rest_route=%2Fwp%2Fv2%2Fcomments&post=6406"}],"wp:featuredmedia":[{"embeddable":true,"href":"https:\/\/secocenter.com\/index.php?rest_route=\/wp\/v2\/media\/6479"}],"wp:attachment":[{"href":"https:\/\/secocenter.com\/index.php?rest_route=%2Fwp%2Fv2%2Fmedia&parent=6406"}],"wp:term":[{"taxonomy":"product_cat","embeddable":true,"href":"https:\/\/secocenter.com\/index.php?rest_route=%2Fwp%2Fv2%2Fproduct_cat&post=6406"},{"taxonomy":"product_tag","embeddable":true,"href":"https:\/\/secocenter.com\/index.php?rest_route=%2Fwp%2Fv2%2Fproduct_tag&post=6406"}],"curies":[{"name":"wp","href":"https:\/\/api.w.org\/{rel}","templated":true}]}}