{"id":6404,"date":"2024-07-25T15:40:32","date_gmt":"2024-07-25T15:40:32","guid":{"rendered":"https:\/\/secocenter.com\/?post_type=product&#038;p=6404"},"modified":"2024-07-25T15:42:16","modified_gmt":"2024-07-25T15:42:16","slug":"espatula-8-de-acero-inoxidable","status":"publish","type":"product","link":"https:\/\/secocenter.com\/?product=espatula-8-de-acero-inoxidable","title":{"rendered":"ESP\u00c1TULA 8&#8243; DE ACERO INOXIDABLE"},"content":{"rendered":"<p><strong>Esp\u00e1tula<\/strong><\/p>\n<p>Esp\u00e1tula de acero inoxidable, ideales\u00a0 para dar los mejores acabados a las placas de yeso.<\/p>\n<p>Su hoja de Acero Inoxidable incrementan su durabilidad y la calidad de los trabajos de acabado.<\/p>\n<p>Su mango Softgrip sirve para hacer la aplicaci\u00f3n mas f\u00e1cil y c\u00f3moda.<\/p>\n<p>Medida de la hoja: 20cm<\/p>\n","protected":false},"excerpt":{"rendered":"<p><img fetchpriority=\"high\" decoding=\"async\" class=\"alignnone size-full wp-image-1865\" src=\"https:\/\/www.secocenter.com\/wp-content\/uploads\/2020\/08\/unnamed.png\" alt=\"\" width=\"1250\" height=\"209\" \/><\/p>\n","protected":false},"featured_media":6468,"comment_status":"closed","ping_status":"closed","template":"","meta":[],"product_cat":[26],"product_tag":[69],"class_list":{"0":"post-6404","1":"product","2":"type-product","3":"status-publish","4":"has-post-thumbnail","6":"product_cat-herramientas","7":"product_tag-herram-manuales","9":"first","10":"instock","11":"taxable","12":"shipping-taxable","13":"purchasable","14":"product-type-simple"},"jetpack_sharing_enabled":true,"_links":{"self":[{"href":"https:\/\/secocenter.com\/index.php?rest_route=\/wp\/v2\/product\/6404","targetHints":{"allow":["GET"]}}],"collection":[{"href":"https:\/\/secocenter.com\/index.php?rest_route=\/wp\/v2\/product"}],"about":[{"href":"https:\/\/secocenter.com\/index.php?rest_route=\/wp\/v2\/types\/product"}],"replies":[{"embeddable":true,"href":"https:\/\/secocenter.com\/index.php?rest_route=%2Fwp%2Fv2%2Fcomments&post=6404"}],"wp:featuredmedia":[{"embeddable":true,"href":"https:\/\/secocenter.com\/index.php?rest_route=\/wp\/v2\/media\/6468"}],"wp:attachment":[{"href":"https:\/\/secocenter.com\/index.php?rest_route=%2Fwp%2Fv2%2Fmedia&parent=6404"}],"wp:term":[{"taxonomy":"product_cat","embeddable":true,"href":"https:\/\/secocenter.com\/index.php?rest_route=%2Fwp%2Fv2%2Fproduct_cat&post=6404"},{"taxonomy":"product_tag","embeddable":true,"href":"https:\/\/secocenter.com\/index.php?rest_route=%2Fwp%2Fv2%2Fproduct_tag&post=6404"}],"curies":[{"name":"wp","href":"https:\/\/api.w.org\/{rel}","templated":true}]}}