{"id":6371,"date":"2024-07-25T15:39:18","date_gmt":"2024-07-25T15:39:18","guid":{"rendered":"https:\/\/secocenter.com\/?post_type=product&#038;p=6371"},"modified":"2024-07-25T15:41:44","modified_gmt":"2024-07-25T15:41:44","slug":"nivel-magnetico-empire-4","status":"publish","type":"product","link":"https:\/\/secocenter.com\/?product=nivel-magnetico-empire-4","title":{"rendered":"NIVEL MAGNETICO EMPIRE 4&#8242;"},"content":{"rendered":"<p><strong>Nivel magn\u00e9tico<\/strong><\/p>\n<p>Este nivel ofrece un rendimiento superior en todas las \u00e1reas,\u00a0 satisfaciendo as\u00ed las necesidades y la funcionalidad del usuario.<\/p>\n<p>Bordes de alto contraste que facilitan la visualizaci\u00f3n en todas las condiciones de luz.<\/p>\n<p>Cuenta con viales de acr\u00edlico e-Band de alto impacto para una durabilidad inigualable ademas tiene una precisi\u00f3n de 0,0005 pulgadas por pulgada en todas las posiciones de trabajo.<\/p>\n<p>La construcci\u00f3n del bastidor I-Beam totalmente de metal garantiza una precisi\u00f3n de larga duraci\u00f3n y est\u00e1 equipada con tapas de extrema resistencia a los impactos para soportar las condiciones de trabajo m\u00e1s duras.<\/p>\n<p>Para mayor utilidad, el nivel cuenta con una ventana de lectura superior para una visualizaci\u00f3n clara desde arriba ademas tiene incorporadas zonas de agarre moldeadas para una mejor portabilidad.<\/p>\n<p>Fabricado con un borde continuo magn\u00e9tico de alta resistencia que entonces brinda a los usuarios la m\u00e1xima potencia de sujeci\u00f3n al medir marcos de puertas, perfiles de acero, tuber\u00edas ferrosas y otras aplicaciones comunes de trabajo de metales.<\/p>\n<p><strong>Principales caracter\u00edsticas del producto:<\/strong><\/p>\n<ul>\n<li>Precisi\u00f3n de 0,0005 pulgadas por pulgada en todas las posiciones de trabajo<\/li>\n<li>Los viales de acr\u00edlico e-Band de alto impacto ofrecen una protecci\u00f3n superior<\/li>\n<li>Todo el marco es de metal anodizado que no se oxida ni se corroe y garantiza una precisi\u00f3n de larga duraci\u00f3n<\/li>\n<li>Borde alto contraste que facilitan la visualizaci\u00f3n en todas las condiciones de luz<\/li>\n<li>La ventana de lectura superior proporciona una visi\u00f3n superior clara<\/li>\n<li>Zonas de agarre amplias y duraderas para facilitar su uso y mejorar la portabilidad<\/li>\n<li>Borde magn\u00e9tico de alta resistencia para una m\u00e1xima potencia de sujeci\u00f3n<\/li>\n<li>Largo: 122 cm<\/li>\n<\/ul>\n<p>&nbsp;<\/p>\n","protected":false},"excerpt":{"rendered":"<p><img fetchpriority=\"high\" decoding=\"async\" class=\"alignnone size-full wp-image-1865\" src=\"https:\/\/www.secocenter.com\/wp-content\/uploads\/2020\/08\/unnamed.png\" alt=\"\" width=\"1250\" height=\"209\" \/><\/p>\n","protected":false},"featured_media":6448,"comment_status":"closed","ping_status":"closed","template":"","meta":[],"product_cat":[26],"product_tag":[69],"class_list":{"0":"post-6371","1":"product","2":"type-product","3":"status-publish","4":"has-post-thumbnail","6":"product_cat-herramientas","7":"product_tag-herram-manuales","9":"first","10":"instock","11":"taxable","12":"shipping-taxable","13":"purchasable","14":"product-type-simple"},"jetpack_sharing_enabled":true,"_links":{"self":[{"href":"https:\/\/secocenter.com\/index.php?rest_route=\/wp\/v2\/product\/6371","targetHints":{"allow":["GET"]}}],"collection":[{"href":"https:\/\/secocenter.com\/index.php?rest_route=\/wp\/v2\/product"}],"about":[{"href":"https:\/\/secocenter.com\/index.php?rest_route=\/wp\/v2\/types\/product"}],"replies":[{"embeddable":true,"href":"https:\/\/secocenter.com\/index.php?rest_route=%2Fwp%2Fv2%2Fcomments&post=6371"}],"wp:featuredmedia":[{"embeddable":true,"href":"https:\/\/secocenter.com\/index.php?rest_route=\/wp\/v2\/media\/6448"}],"wp:attachment":[{"href":"https:\/\/secocenter.com\/index.php?rest_route=%2Fwp%2Fv2%2Fmedia&parent=6371"}],"wp:term":[{"taxonomy":"product_cat","embeddable":true,"href":"https:\/\/secocenter.com\/index.php?rest_route=%2Fwp%2Fv2%2Fproduct_cat&post=6371"},{"taxonomy":"product_tag","embeddable":true,"href":"https:\/\/secocenter.com\/index.php?rest_route=%2Fwp%2Fv2%2Fproduct_tag&post=6371"}],"curies":[{"name":"wp","href":"https:\/\/api.w.org\/{rel}","templated":true}]}}