{"id":6370,"date":"2024-07-25T15:39:18","date_gmt":"2024-07-25T15:39:18","guid":{"rendered":"https:\/\/secocenter.com\/?post_type=product&#038;p=6370"},"modified":"2024-07-25T15:41:43","modified_gmt":"2024-07-25T15:41:43","slug":"espatula-de-angulo-interno-para-eifs-de-acero-inoxidable","status":"publish","type":"product","link":"https:\/\/secocenter.com\/?product=espatula-de-angulo-interno-para-eifs-de-acero-inoxidable","title":{"rendered":"ESPATULA DE ANGULO INTERNO PARA EIFS DE ACERO INOXIDABLE"},"content":{"rendered":"<p><strong>Esp\u00e1tula de \u00e1ngulo interno<\/strong><\/p>\n<p>Las esp\u00e1tulas de esquina EIFS MARSHALLTOWN son herramientas vers\u00e1tiles esenciales para sellar esquinas interiores de 90 \u00b0 con adhesivo una vez que los paneles y la malla EIFS est\u00e1n en su lugar ademas est\u00e1n dise\u00f1ados para ayudarlo a agregar acabados decorativos.<\/p>\n<p>Cada esp\u00e1tula est\u00e1 forjada con una sola pieza de acero inoxidable liviano y tiene la forma de una hoja de 4 \u00bc \u201dy viene con un mango DuraSoft\u00ae de agarre suave y duradero dise\u00f1ado para aumentar la comodidad y reducir la fatiga.<\/p>\n<p>Estos productos est\u00e1n fabricados en los Estados Unidos con materiales globales.<\/p>\n<p><b>Principales caracter\u00edsticas del producto:\u00a0<\/b><\/p>\n<p>\u00daselo a lo largo de las esquinas para un acabado profesional de 90 \u00b0<br \/>\nMaterial de la hoja de acero inoxidable<br \/>\nViene con un mango resistente y suave DuraSoft\u00ae<br \/>\nFabricado en EE. UU. Con materiales globales<\/p>\n","protected":false},"excerpt":{"rendered":"<p><img fetchpriority=\"high\" decoding=\"async\" class=\"alignnone size-full wp-image-1865\" src=\"https:\/\/www.secocenter.com\/wp-content\/uploads\/2020\/08\/unnamed.png\" alt=\"\" width=\"1250\" height=\"209\" \/><\/p>\n","protected":false},"featured_media":6447,"comment_status":"closed","ping_status":"closed","template":"","meta":[],"product_cat":[26],"product_tag":[69],"class_list":{"0":"post-6370","1":"product","2":"type-product","3":"status-publish","4":"has-post-thumbnail","6":"product_cat-herramientas","7":"product_tag-herram-manuales","9":"first","10":"instock","11":"taxable","12":"shipping-taxable","13":"purchasable","14":"product-type-simple"},"jetpack_sharing_enabled":true,"_links":{"self":[{"href":"https:\/\/secocenter.com\/index.php?rest_route=\/wp\/v2\/product\/6370","targetHints":{"allow":["GET"]}}],"collection":[{"href":"https:\/\/secocenter.com\/index.php?rest_route=\/wp\/v2\/product"}],"about":[{"href":"https:\/\/secocenter.com\/index.php?rest_route=\/wp\/v2\/types\/product"}],"replies":[{"embeddable":true,"href":"https:\/\/secocenter.com\/index.php?rest_route=%2Fwp%2Fv2%2Fcomments&post=6370"}],"wp:featuredmedia":[{"embeddable":true,"href":"https:\/\/secocenter.com\/index.php?rest_route=\/wp\/v2\/media\/6447"}],"wp:attachment":[{"href":"https:\/\/secocenter.com\/index.php?rest_route=%2Fwp%2Fv2%2Fmedia&parent=6370"}],"wp:term":[{"taxonomy":"product_cat","embeddable":true,"href":"https:\/\/secocenter.com\/index.php?rest_route=%2Fwp%2Fv2%2Fproduct_cat&post=6370"},{"taxonomy":"product_tag","embeddable":true,"href":"https:\/\/secocenter.com\/index.php?rest_route=%2Fwp%2Fv2%2Fproduct_tag&post=6370"}],"curies":[{"name":"wp","href":"https:\/\/api.w.org\/{rel}","templated":true}]}}