{"id":6357,"date":"2024-07-25T15:38:49","date_gmt":"2024-07-25T15:38:49","guid":{"rendered":"https:\/\/secocenter.com\/?post_type=product&#038;p=6357"},"modified":"2024-07-25T15:41:29","modified_gmt":"2024-07-25T15:41:29","slug":"espatula-de-angulo-externo-para-eifs-de-acero-inoxidable","status":"publish","type":"product","link":"https:\/\/secocenter.com\/?product=espatula-de-angulo-externo-para-eifs-de-acero-inoxidable","title":{"rendered":"ESPATULA DE ANGULO EXTERNO PARA EIFS DE ACERO INOXIDABLE"},"content":{"rendered":"<p><strong>Esp\u00e1tula de \u00e1ngulo externo<\/strong><\/p>\n<p>Las esp\u00e1tulas de \u00e1ngulo externo EIFS MARSHALLTOWN son herramientas vers\u00e1tiles esenciales para sellar esquinas exteriores de 90 \u00b0 con adhesivo una vez que los paneles y la malla EIFS est\u00e1n en su lugar y est\u00e1n dise\u00f1ados para ayudarlo a agregar acabados decorativos.<\/p>\n<p>Cada paleta est\u00e1 forjada con una sola pieza de acero inoxidable liviano y tiene la forma de una hoja de 4 \u00bc \u201d.<\/p>\n<p>Viene con un mango DuraSoft\u00ae de agarre suave y duradero dise\u00f1ado para aumentar la comodidad y reducir la fatiga.}<\/p>\n<p>Estos productos est\u00e1n fabricados en los Estados Unidos con materiales globales.<\/p>\n<p><strong>Principales caracter\u00edsticas del producto:<\/strong><strong>\u00a0<\/strong><\/p>\n<ul>\n<li>\u00daselo a lo largo de las esquinas para un acabado profesionalmente suave de 90 \u00b0<\/li>\n<li>Material de la hoja de acero inoxidable<\/li>\n<li>Viene con un mango resistente y suave DuraSoft\u00ae<\/li>\n<li>Fabricado en EE. UU. Con materiales globales<\/li>\n<\/ul>\n","protected":false},"excerpt":{"rendered":"<p><img fetchpriority=\"high\" decoding=\"async\" class=\"alignnone size-full wp-image-1865\" src=\"https:\/\/www.secocenter.com\/wp-content\/uploads\/2020\/08\/unnamed.png\" alt=\"\" width=\"1250\" height=\"209\" \/><\/p>\n","protected":false},"featured_media":6441,"comment_status":"closed","ping_status":"closed","template":"","meta":[],"product_cat":[26],"product_tag":[69],"class_list":{"0":"post-6357","1":"product","2":"type-product","3":"status-publish","4":"has-post-thumbnail","6":"product_cat-herramientas","7":"product_tag-herram-manuales","9":"first","10":"instock","11":"taxable","12":"shipping-taxable","13":"purchasable","14":"product-type-simple"},"jetpack_sharing_enabled":true,"_links":{"self":[{"href":"https:\/\/secocenter.com\/index.php?rest_route=\/wp\/v2\/product\/6357","targetHints":{"allow":["GET"]}}],"collection":[{"href":"https:\/\/secocenter.com\/index.php?rest_route=\/wp\/v2\/product"}],"about":[{"href":"https:\/\/secocenter.com\/index.php?rest_route=\/wp\/v2\/types\/product"}],"replies":[{"embeddable":true,"href":"https:\/\/secocenter.com\/index.php?rest_route=%2Fwp%2Fv2%2Fcomments&post=6357"}],"wp:featuredmedia":[{"embeddable":true,"href":"https:\/\/secocenter.com\/index.php?rest_route=\/wp\/v2\/media\/6441"}],"wp:attachment":[{"href":"https:\/\/secocenter.com\/index.php?rest_route=%2Fwp%2Fv2%2Fmedia&parent=6357"}],"wp:term":[{"taxonomy":"product_cat","embeddable":true,"href":"https:\/\/secocenter.com\/index.php?rest_route=%2Fwp%2Fv2%2Fproduct_cat&post=6357"},{"taxonomy":"product_tag","embeddable":true,"href":"https:\/\/secocenter.com\/index.php?rest_route=%2Fwp%2Fv2%2Fproduct_tag&post=6357"}],"curies":[{"name":"wp","href":"https:\/\/api.w.org\/{rel}","templated":true}]}}