{"id":6348,"date":"2024-07-25T15:37:48","date_gmt":"2024-07-25T15:37:48","guid":{"rendered":"https:\/\/secocenter.com\/?post_type=product&#038;p=6348"},"modified":"2024-07-25T15:41:04","modified_gmt":"2024-07-25T15:41:04","slug":"pinza-x-1-paquete-2-unidades","status":"publish","type":"product","link":"https:\/\/secocenter.com\/?product=pinza-x-1-paquete-2-unidades","title":{"rendered":"PINZA X 1&#8243; PAQUETE 2 UNIDADES"},"content":{"rendered":"<p><strong>Pinza<\/strong><\/p>\n<p>Estas fuertes abrazaderas se utilizan para sujetar lo que sea necesario durante el montaje, tanto la perfiler\u00eda del cielorraso como la de los muros, tambi\u00e9n sirve para sujetar la l\u00ednea de nivelaci\u00f3n. Se manejan f\u00e1cilmente con una sola mano.<\/p>\n<p><strong>Descripci\u00f3n del producto<\/strong>:<\/p>\n<ul>\n<li>Abrazaderas de resorte fuertes, sujeta firmemente<\/li>\n<li>Acero niquelado con resorte de acero templado<\/li>\n<li>Las puntas de goma no da\u00f1an las superficies pintadas.<\/li>\n<li>Las abrazaderas de 4 pulg. se abren a 1 pulg.<\/li>\n<li>2 abrazaderas incluidas<\/li>\n<\/ul>\n<p>&nbsp;<\/p>\n","protected":false},"excerpt":{"rendered":"<p><img fetchpriority=\"high\" decoding=\"async\" class=\"alignnone size-full wp-image-1865\" src=\"https:\/\/www.secocenter.com\/wp-content\/uploads\/2020\/08\/unnamed.png\" alt=\"\" width=\"1250\" height=\"209\" \/><\/p>\n","protected":false},"featured_media":6421,"comment_status":"closed","ping_status":"closed","template":"","meta":[],"product_cat":[26],"product_tag":[69],"class_list":{"0":"post-6348","1":"product","2":"type-product","3":"status-publish","4":"has-post-thumbnail","6":"product_cat-herramientas","7":"product_tag-herram-manuales","9":"first","10":"instock","11":"taxable","12":"shipping-taxable","13":"purchasable","14":"product-type-simple"},"jetpack_sharing_enabled":true,"_links":{"self":[{"href":"https:\/\/secocenter.com\/index.php?rest_route=\/wp\/v2\/product\/6348","targetHints":{"allow":["GET"]}}],"collection":[{"href":"https:\/\/secocenter.com\/index.php?rest_route=\/wp\/v2\/product"}],"about":[{"href":"https:\/\/secocenter.com\/index.php?rest_route=\/wp\/v2\/types\/product"}],"replies":[{"embeddable":true,"href":"https:\/\/secocenter.com\/index.php?rest_route=%2Fwp%2Fv2%2Fcomments&post=6348"}],"wp:featuredmedia":[{"embeddable":true,"href":"https:\/\/secocenter.com\/index.php?rest_route=\/wp\/v2\/media\/6421"}],"wp:attachment":[{"href":"https:\/\/secocenter.com\/index.php?rest_route=%2Fwp%2Fv2%2Fmedia&parent=6348"}],"wp:term":[{"taxonomy":"product_cat","embeddable":true,"href":"https:\/\/secocenter.com\/index.php?rest_route=%2Fwp%2Fv2%2Fproduct_cat&post=6348"},{"taxonomy":"product_tag","embeddable":true,"href":"https:\/\/secocenter.com\/index.php?rest_route=%2Fwp%2Fv2%2Fproduct_tag&post=6348"}],"curies":[{"name":"wp","href":"https:\/\/api.w.org\/{rel}","templated":true}]}}