{"id":6343,"date":"2024-07-25T15:37:47","date_gmt":"2024-07-25T15:37:47","guid":{"rendered":"https:\/\/secocenter.com\/?post_type=product&#038;p=6343"},"modified":"2024-07-25T15:40:29","modified_gmt":"2024-07-25T15:40:29","slug":"porta-cinta-tape-reel","status":"publish","type":"product","link":"https:\/\/secocenter.com\/?product=porta-cinta-tape-reel","title":{"rendered":"PORTA CINTA TAPE REEL"},"content":{"rendered":"<p><strong>Porta cinta<\/strong><\/p>\n<p>El porta cinta para placas de yeso MARSHALLTOWN de 26 cm x 7,5 cm permite al usuario tener su cinta al alcance en todo momento colg\u00e1ndola de cualquier cintur\u00f3n.<\/p>\n<p>El porta cinta est\u00e1 fabricado en acero y enchapado para evitar la oxidaci\u00f3n y garantizar un uso a largo plazo.<\/p>\n<p>Este producto sostiene todos los rollos de cinta est\u00e1ndar de hasta 500&#8242; y presenta un dise\u00f1o de apertura r\u00e1pida que facilita el proceso de cambio de cinta.<\/p>\n<p><strong>Principales caracter\u00edsticas del producto:<\/strong><\/p>\n<ul>\n<li>Hecho de material de acero<\/li>\n<li>Tama\u00f1o de 10\u00bc &#8220;x 3&#8221; (26 cm x 7,5 cm)<\/li>\n<li>Sostiene 500 pies de cinta est\u00e1ndar<\/li>\n<li>Cuelga del cintur\u00f3n<\/li>\n<li>Dise\u00f1o de apertura r\u00e1pida<\/li>\n<\/ul>\n","protected":false},"excerpt":{"rendered":"<p><img fetchpriority=\"high\" decoding=\"async\" class=\"alignnone size-full wp-image-1865\" src=\"https:\/\/www.secocenter.com\/wp-content\/uploads\/2020\/08\/unnamed.png\" alt=\"\" width=\"1250\" height=\"209\" \/><\/p>\n","protected":false},"featured_media":6398,"comment_status":"closed","ping_status":"closed","template":"","meta":[],"product_cat":[26],"product_tag":[69],"class_list":{"0":"post-6343","1":"product","2":"type-product","3":"status-publish","4":"has-post-thumbnail","6":"product_cat-herramientas","7":"product_tag-herram-manuales","9":"first","10":"instock","11":"taxable","12":"shipping-taxable","13":"purchasable","14":"product-type-simple"},"jetpack_sharing_enabled":true,"_links":{"self":[{"href":"https:\/\/secocenter.com\/index.php?rest_route=\/wp\/v2\/product\/6343","targetHints":{"allow":["GET"]}}],"collection":[{"href":"https:\/\/secocenter.com\/index.php?rest_route=\/wp\/v2\/product"}],"about":[{"href":"https:\/\/secocenter.com\/index.php?rest_route=\/wp\/v2\/types\/product"}],"replies":[{"embeddable":true,"href":"https:\/\/secocenter.com\/index.php?rest_route=%2Fwp%2Fv2%2Fcomments&post=6343"}],"wp:featuredmedia":[{"embeddable":true,"href":"https:\/\/secocenter.com\/index.php?rest_route=\/wp\/v2\/media\/6398"}],"wp:attachment":[{"href":"https:\/\/secocenter.com\/index.php?rest_route=%2Fwp%2Fv2%2Fmedia&parent=6343"}],"wp:term":[{"taxonomy":"product_cat","embeddable":true,"href":"https:\/\/secocenter.com\/index.php?rest_route=%2Fwp%2Fv2%2Fproduct_cat&post=6343"},{"taxonomy":"product_tag","embeddable":true,"href":"https:\/\/secocenter.com\/index.php?rest_route=%2Fwp%2Fv2%2Fproduct_tag&post=6343"}],"curies":[{"name":"wp","href":"https:\/\/api.w.org\/{rel}","templated":true}]}}