{"id":6309,"date":"2024-07-25T15:37:11","date_gmt":"2024-07-25T15:37:11","guid":{"rendered":"https:\/\/secocenter.com\/?post_type=product&#038;p=6309"},"modified":"2024-07-25T15:39:39","modified_gmt":"2024-07-25T15:39:39","slug":"lijador-manual-de-aluminio-con-mango-de-madera","status":"publish","type":"product","link":"https:\/\/secocenter.com\/?product=lijador-manual-de-aluminio-con-mango-de-madera","title":{"rendered":"LIJADOR MANUAL DE ALUMINIO CON MANGO DE MADERA"},"content":{"rendered":"<p><strong>Lijador manual<\/strong><\/p>\n<p>La lijadora manual liviana de MARSHALLTOWN se puede usar para lijar juntas de placas de yeso u otros proyectos generales de lijado.<\/p>\n<p>Est\u00e1 dise\u00f1ado para contener medias hojas troqueladas de papel de lija est\u00e1ndar.<\/p>\n<p>La lijadora manual tiene una placa de respaldo de aluminio flexible unida a una almohadilla de espuma.<\/p>\n<p>Viene con mango de madera que brinda comodidad y reduce la fatiga.<\/p>\n<p>El producto de MARSHALLTOWN est\u00e1 fabricado en los EE. UU. Con materiales globales.<\/p>\n","protected":false},"excerpt":{"rendered":"<p><img fetchpriority=\"high\" decoding=\"async\" class=\"alignnone size-full wp-image-1865\" src=\"https:\/\/www.secocenter.com\/wp-content\/uploads\/2020\/08\/unnamed.png\" alt=\"\" width=\"1250\" height=\"209\" \/><\/p>\n","protected":false},"featured_media":6377,"comment_status":"closed","ping_status":"closed","template":"","meta":[],"product_cat":[26],"product_tag":[69],"class_list":{"0":"post-6309","1":"product","2":"type-product","3":"status-publish","4":"has-post-thumbnail","6":"product_cat-herramientas","7":"product_tag-herram-manuales","9":"first","10":"instock","11":"taxable","12":"shipping-taxable","13":"purchasable","14":"product-type-simple"},"jetpack_sharing_enabled":true,"_links":{"self":[{"href":"https:\/\/secocenter.com\/index.php?rest_route=\/wp\/v2\/product\/6309","targetHints":{"allow":["GET"]}}],"collection":[{"href":"https:\/\/secocenter.com\/index.php?rest_route=\/wp\/v2\/product"}],"about":[{"href":"https:\/\/secocenter.com\/index.php?rest_route=\/wp\/v2\/types\/product"}],"replies":[{"embeddable":true,"href":"https:\/\/secocenter.com\/index.php?rest_route=%2Fwp%2Fv2%2Fcomments&post=6309"}],"wp:featuredmedia":[{"embeddable":true,"href":"https:\/\/secocenter.com\/index.php?rest_route=\/wp\/v2\/media\/6377"}],"wp:attachment":[{"href":"https:\/\/secocenter.com\/index.php?rest_route=%2Fwp%2Fv2%2Fmedia&parent=6309"}],"wp:term":[{"taxonomy":"product_cat","embeddable":true,"href":"https:\/\/secocenter.com\/index.php?rest_route=%2Fwp%2Fv2%2Fproduct_cat&post=6309"},{"taxonomy":"product_tag","embeddable":true,"href":"https:\/\/secocenter.com\/index.php?rest_route=%2Fwp%2Fv2%2Fproduct_tag&post=6309"}],"curies":[{"name":"wp","href":"https:\/\/api.w.org\/{rel}","templated":true}]}}