{"id":6280,"date":"2024-07-25T15:36:47","date_gmt":"2024-07-25T15:36:47","guid":{"rendered":"https:\/\/secocenter.com\/?post_type=product&#038;p=6280"},"modified":"2024-07-25T15:38:53","modified_gmt":"2024-07-25T15:38:53","slug":"arandela-para-estructurales-x-1","status":"publish","type":"product","link":"https:\/\/secocenter.com\/?product=arandela-para-estructurales-x-1","title":{"rendered":"ARANDELA PARA ESTRUCTURALES X 1&#8243;"},"content":{"rendered":"<p><strong>Arandela<\/strong><\/p>\n<p>Los bordes lisos y redondos de los tubos de cobre o polipropileno y los bordes afilados de un perfil estructural\u00a0 no se mezclan muy bien, entonces sino contamos con alg\u00fan tipo de protecci\u00f3n, las tuber\u00edas traquetear\u00e1n o, peor a\u00fan, sucumbir\u00e1n a la corrosi\u00f3n galv\u00e1nica, tambi\u00e9n conocida como electr\u00f3lisis.<\/p>\n<p>Para ello nosotros contamos con las arandelas Pipe-Tytes, que est\u00e1n hechas de pl\u00e1stico resistente y duradero.<\/p>\n<p>Las mismas cumplen la funci\u00f3n de aislar los tubos de cobre o de polipropileno de los bordes de acero de los perfiles estructurales, evitando as\u00ed los ruidos y\/o movimientos de la tuber\u00eda y gracias al orificio descentrado con el que cuentan optimizamos la alineaci\u00f3n de dicha tuber\u00eda.<\/p>\n<p>Est\u00e1n fabricadas con polietileno el cual las hace resistentes y duraderas y ademas soportan una temperatura de hasta 82\u00b0 C.<\/p>\n<p><b>Principales caracter\u00edsticas del producto:<\/b><\/p>\n<ul>\n<li>Elimina el ruido de la tuber\u00eda y la electr\u00f3lisis.<\/li>\n<li>A\u00edsla la tuber\u00eda del perfil estructural.<\/li>\n<li>El orificio descentrado mejora la alineaci\u00f3n de la tuber\u00eda.<\/li>\n<li>Hecho de polietileno muy resistente y duradero.<\/li>\n<li>Soporta temperaturas de 82 \u00b0 C.<\/li>\n<li>Para usar perfiles estructurales de calibre 18 o m\u00e1s livianos.<\/li>\n<li>Cumple con la norma UL 2043.<\/li>\n<\/ul>\n<p><strong>Propiedades f\u00edsicas \/ qu\u00edmicas:<\/strong><\/p>\n<ul>\n<li>Material Polietileno<\/li>\n<li>Color rojo<\/li>\n<li>Temperatura a la que resiste: 82\u00b0 C o menos.<\/li>\n<\/ul>\n","protected":false},"excerpt":{"rendered":"<p><img fetchpriority=\"high\" decoding=\"async\" class=\"alignnone size-full wp-image-1865\" src=\"https:\/\/www.secocenter.com\/wp-content\/uploads\/2020\/08\/unnamed.png\" alt=\"\" width=\"1250\" height=\"209\" \/><\/p>\n","protected":false},"featured_media":6359,"comment_status":"closed","ping_status":"closed","template":"","meta":[],"product_cat":[26],"product_tag":[69],"class_list":{"0":"post-6280","1":"product","2":"type-product","3":"status-publish","4":"has-post-thumbnail","6":"product_cat-herramientas","7":"product_tag-herram-manuales","9":"first","10":"instock","11":"taxable","12":"shipping-taxable","13":"purchasable","14":"product-type-simple"},"jetpack_sharing_enabled":true,"_links":{"self":[{"href":"https:\/\/secocenter.com\/index.php?rest_route=\/wp\/v2\/product\/6280","targetHints":{"allow":["GET"]}}],"collection":[{"href":"https:\/\/secocenter.com\/index.php?rest_route=\/wp\/v2\/product"}],"about":[{"href":"https:\/\/secocenter.com\/index.php?rest_route=\/wp\/v2\/types\/product"}],"replies":[{"embeddable":true,"href":"https:\/\/secocenter.com\/index.php?rest_route=%2Fwp%2Fv2%2Fcomments&post=6280"}],"wp:featuredmedia":[{"embeddable":true,"href":"https:\/\/secocenter.com\/index.php?rest_route=\/wp\/v2\/media\/6359"}],"wp:attachment":[{"href":"https:\/\/secocenter.com\/index.php?rest_route=%2Fwp%2Fv2%2Fmedia&parent=6280"}],"wp:term":[{"taxonomy":"product_cat","embeddable":true,"href":"https:\/\/secocenter.com\/index.php?rest_route=%2Fwp%2Fv2%2Fproduct_cat&post=6280"},{"taxonomy":"product_tag","embeddable":true,"href":"https:\/\/secocenter.com\/index.php?rest_route=%2Fwp%2Fv2%2Fproduct_tag&post=6280"}],"curies":[{"name":"wp","href":"https:\/\/api.w.org\/{rel}","templated":true}]}}