{"id":6278,"date":"2024-07-25T15:36:46","date_gmt":"2024-07-25T15:36:46","guid":{"rendered":"https:\/\/secocenter.com\/?post_type=product&#038;p=6278"},"modified":"2024-07-25T15:38:34","modified_gmt":"2024-07-25T15:38:34","slug":"ventilacion-para-bano","status":"publish","type":"product","link":"https:\/\/secocenter.com\/?product=ventilacion-para-bano","title":{"rendered":"VENTILACION PARA BA\u00d1O"},"content":{"rendered":"<ul>\n<li>F\u00e1cil colocaci\u00f3n y acople en ca\u00f1os de 110mm.<\/li>\n<li>Para sistemas Steel and Wood Framming<\/li>\n<li>Apertura aut. de pasaje de aire\u00a0 cuando se enciende el extractor interior.<\/li>\n<li>Malla met\u00e1lica exterior, dentro del ducto, para que no entren roedores u aves<\/li>\n<\/ul>\n<p>&nbsp;<\/p>\n","protected":false},"excerpt":{"rendered":"<p><img fetchpriority=\"high\" decoding=\"async\" class=\"alignnone size-full wp-image-1865\" src=\"https:\/\/www.secocenter.com\/wp-content\/uploads\/2020\/08\/unnamed.png\" alt=\"\" width=\"1250\" height=\"209\" \/><\/p>\n","protected":false},"featured_media":6353,"comment_status":"closed","ping_status":"closed","template":"","meta":[],"product_cat":[22],"product_tag":[67],"class_list":{"0":"post-6278","1":"product","2":"type-product","3":"status-publish","4":"has-post-thumbnail","6":"product_cat-impermeabilizacion","7":"product_tag-acc-techos-y-cub","9":"first","10":"instock","11":"taxable","12":"shipping-taxable","13":"purchasable","14":"product-type-simple"},"jetpack_sharing_enabled":true,"_links":{"self":[{"href":"https:\/\/secocenter.com\/index.php?rest_route=\/wp\/v2\/product\/6278","targetHints":{"allow":["GET"]}}],"collection":[{"href":"https:\/\/secocenter.com\/index.php?rest_route=\/wp\/v2\/product"}],"about":[{"href":"https:\/\/secocenter.com\/index.php?rest_route=\/wp\/v2\/types\/product"}],"replies":[{"embeddable":true,"href":"https:\/\/secocenter.com\/index.php?rest_route=%2Fwp%2Fv2%2Fcomments&post=6278"}],"wp:featuredmedia":[{"embeddable":true,"href":"https:\/\/secocenter.com\/index.php?rest_route=\/wp\/v2\/media\/6353"}],"wp:attachment":[{"href":"https:\/\/secocenter.com\/index.php?rest_route=%2Fwp%2Fv2%2Fmedia&parent=6278"}],"wp:term":[{"taxonomy":"product_cat","embeddable":true,"href":"https:\/\/secocenter.com\/index.php?rest_route=%2Fwp%2Fv2%2Fproduct_cat&post=6278"},{"taxonomy":"product_tag","embeddable":true,"href":"https:\/\/secocenter.com\/index.php?rest_route=%2Fwp%2Fv2%2Fproduct_tag&post=6278"}],"curies":[{"name":"wp","href":"https:\/\/api.w.org\/{rel}","templated":true}]}}