{"id":6277,"date":"2024-07-25T15:36:46","date_gmt":"2024-07-25T15:36:46","guid":{"rendered":"https:\/\/secocenter.com\/?post_type=product&#038;p=6277"},"modified":"2024-07-25T15:37:52","modified_gmt":"2024-07-25T15:37:52","slug":"cemento-matrix-201-flashing-balde-5-gal","status":"publish","type":"product","link":"https:\/\/secocenter.com\/?product=cemento-matrix-201-flashing-balde-5-gal","title":{"rendered":"CEMENTO MATRIX 201 FLASHING BALDE 5 GAL"},"content":{"rendered":"<div class=\"cuerpo\">\n<div class=\"row cont-presentacion\">\n<div id=\"descripcion\" class=\"descripcion\">\n<p>Adhesivo de base asf\u00e1ltica es utilizado para la uni\u00f3n de tejas asf\u00e1lticas en pendientes empinadas y paredes. Tambien, es utilizado en reparaciones e impermeabilizaci\u00f3n, especialmente en juntas con movimiento. La exclusiva tecnolog\u00eda SURE GRIP\u2122 garantiza la resistencia de la uni\u00f3n y una alta flexibilidad para adaptarse a la expansi\u00f3n-contracci\u00f3n del sistema de techo relacionadas con la temperatura, al mismo tiempo que se aplica f\u00e1cilmente con una llana o una brocha.<\/p>\n<p>El cemento MATRIX\u2122 201 Premium SBS de GAF mantiene una excelente flexibilidad a baja temperatura con una formulaci\u00f3n de bajo olor para garantizar un mejor ambiente tanto para el instalador como para los ocupantes del edificio.<\/p>\n<\/div>\n<\/div>\n<\/div>\n<div class=\"cont-componentes\">\n<div id=\"parrafos\" class=\"parrafos\"><\/div>\n<\/div>\n","protected":false},"excerpt":{"rendered":"<p><img fetchpriority=\"high\" decoding=\"async\" class=\"alignnone size-full wp-image-1865\" src=\"https:\/\/www.secocenter.com\/wp-content\/uploads\/2020\/08\/unnamed.png\" alt=\"\" width=\"1250\" height=\"209\" \/><\/p>\n","protected":false},"featured_media":6352,"comment_status":"closed","ping_status":"closed","template":"","meta":[],"product_cat":[22],"product_tag":[67],"class_list":{"0":"post-6277","1":"product","2":"type-product","3":"status-publish","4":"has-post-thumbnail","6":"product_cat-impermeabilizacion","7":"product_tag-acc-techos-y-cub","9":"first","10":"instock","11":"taxable","12":"shipping-taxable","13":"purchasable","14":"product-type-simple"},"jetpack_sharing_enabled":true,"_links":{"self":[{"href":"https:\/\/secocenter.com\/index.php?rest_route=\/wp\/v2\/product\/6277","targetHints":{"allow":["GET"]}}],"collection":[{"href":"https:\/\/secocenter.com\/index.php?rest_route=\/wp\/v2\/product"}],"about":[{"href":"https:\/\/secocenter.com\/index.php?rest_route=\/wp\/v2\/types\/product"}],"replies":[{"embeddable":true,"href":"https:\/\/secocenter.com\/index.php?rest_route=%2Fwp%2Fv2%2Fcomments&post=6277"}],"wp:featuredmedia":[{"embeddable":true,"href":"https:\/\/secocenter.com\/index.php?rest_route=\/wp\/v2\/media\/6352"}],"wp:attachment":[{"href":"https:\/\/secocenter.com\/index.php?rest_route=%2Fwp%2Fv2%2Fmedia&parent=6277"}],"wp:term":[{"taxonomy":"product_cat","embeddable":true,"href":"https:\/\/secocenter.com\/index.php?rest_route=%2Fwp%2Fv2%2Fproduct_cat&post=6277"},{"taxonomy":"product_tag","embeddable":true,"href":"https:\/\/secocenter.com\/index.php?rest_route=%2Fwp%2Fv2%2Fproduct_tag&post=6277"}],"curies":[{"name":"wp","href":"https:\/\/api.w.org\/{rel}","templated":true}]}}