{"id":6243,"date":"2024-07-25T15:36:22","date_gmt":"2024-07-25T15:36:22","guid":{"rendered":"https:\/\/secocenter.com\/?post_type=product&#038;p=6243"},"modified":"2024-07-25T15:37:04","modified_gmt":"2024-07-25T15:37:04","slug":"membrana-base-resisto-waterproofing-186m-x-1m","status":"publish","type":"product","link":"https:\/\/secocenter.com\/?product=membrana-base-resisto-waterproofing-186m-x-1m","title":{"rendered":"MEMBRANA BASE RESISTO WATERPROOFING 18,6m x 1m"},"content":{"rendered":"<p>Membrana RESISTO impermeabilizante autoadhesiva de 1,5 mm de espesor compuesta por un bet\u00fan elastom\u00e9rico SBS y un tejido de polietileno trilaminar. La parte inferior est\u00e1 hecha de una pel\u00edcula de silicona f\u00e1cilmente removible. Esta membrana se utiliza principalmente como capa base en sistemas de techado RESISTO de dos capas, as\u00ed como para impermeabilizar cimientos, bases de duchas y ba\u00f1os.<\/p>\n<p><strong>VENTAJAS:<\/strong><\/p>\n<ul>\n<li>Alta resistencia al desgarro.<\/li>\n<li>Autosellado alrededor de tornillos y clavos.<\/li>\n<li>Grado de baja temperatura tambi\u00e9n disponible<\/li>\n<\/ul>\n","protected":false},"excerpt":{"rendered":"<p><img fetchpriority=\"high\" decoding=\"async\" class=\"alignnone size-full wp-image-1865\" src=\"https:\/\/www.secocenter.com\/wp-content\/uploads\/2020\/08\/unnamed.png\" alt=\"\" width=\"1250\" height=\"209\" \/><\/p>\n","protected":false},"featured_media":6299,"comment_status":"closed","ping_status":"closed","template":"","meta":[],"product_cat":[22],"product_tag":[66],"class_list":{"0":"post-6243","1":"product","2":"type-product","3":"status-publish","4":"has-post-thumbnail","6":"product_cat-impermeabilizacion","7":"product_tag-memb-asfalticas","9":"first","10":"instock","11":"taxable","12":"shipping-taxable","13":"purchasable","14":"product-type-simple"},"jetpack_sharing_enabled":true,"_links":{"self":[{"href":"https:\/\/secocenter.com\/index.php?rest_route=\/wp\/v2\/product\/6243","targetHints":{"allow":["GET"]}}],"collection":[{"href":"https:\/\/secocenter.com\/index.php?rest_route=\/wp\/v2\/product"}],"about":[{"href":"https:\/\/secocenter.com\/index.php?rest_route=\/wp\/v2\/types\/product"}],"replies":[{"embeddable":true,"href":"https:\/\/secocenter.com\/index.php?rest_route=%2Fwp%2Fv2%2Fcomments&post=6243"}],"wp:featuredmedia":[{"embeddable":true,"href":"https:\/\/secocenter.com\/index.php?rest_route=\/wp\/v2\/media\/6299"}],"wp:attachment":[{"href":"https:\/\/secocenter.com\/index.php?rest_route=%2Fwp%2Fv2%2Fmedia&parent=6243"}],"wp:term":[{"taxonomy":"product_cat","embeddable":true,"href":"https:\/\/secocenter.com\/index.php?rest_route=%2Fwp%2Fv2%2Fproduct_cat&post=6243"},{"taxonomy":"product_tag","embeddable":true,"href":"https:\/\/secocenter.com\/index.php?rest_route=%2Fwp%2Fv2%2Fproduct_tag&post=6243"}],"curies":[{"name":"wp","href":"https:\/\/api.w.org\/{rel}","templated":true}]}}