{"id":6242,"date":"2024-07-25T15:36:21","date_gmt":"2024-07-25T15:36:21","guid":{"rendered":"https:\/\/secocenter.com\/?post_type=product&#038;p=6242"},"modified":"2024-07-25T15:37:01","modified_gmt":"2024-07-25T15:37:01","slug":"membrana-externa-resisto-10m2-rollo","status":"publish","type":"product","link":"https:\/\/secocenter.com\/?product=membrana-externa-resisto-10m2-rollo","title":{"rendered":"MEMBRANA EXTERNA RESISTO 10m2\/rollo"},"content":{"rendered":"<p><strong>MEMBRANA DE CAPA SUPERIOR GRANULADA &#8211; RESISTO<\/strong><\/p>\n<p>SISTEMA <em>DUOLAP CAP &#8211; RESISTO<\/em> es una l\u00e1mina impermeabilizante autoadhesiva (Utiliza imprimacion previa) de 3,8 mm fabricada con bet\u00fan elastom\u00e9rico SBS con armadura compuesta de alta resistencia y superficie granular coloreada. La cara inferior est\u00e1 compuesta por una pel\u00edcula de silicona f\u00e1cilmente separable en dos partes. Esta membrana se utiliza con el sistema de impermeabilizaci\u00f3n de cubiertas DUOLAP. Est\u00e1 dotado de la tecnolog\u00eda DUO SELVEDGE, que proporciona un sellado inmediato de las juntas longitudinales de la membrana.<\/p>\n<p>VENTAJAS:<\/p>\n<ul>\n<li>Impermeabilizaci\u00f3n de cubiertas semiplanas<\/li>\n<li>F\u00e1cil manipulaci\u00f3n de materiales<\/li>\n<li>Trabajo completamente en fr\u00edo, sin utilizaci\u00f3n de mecheros<\/li>\n<li>Seguridad de trabajos sobre chapones de madera<\/li>\n<li>Techos r\u00e1pidamente ejecutados<\/li>\n<\/ul>\n<p>COLORES : GRIS<\/p>\n","protected":false},"excerpt":{"rendered":"<p><img fetchpriority=\"high\" decoding=\"async\" class=\"alignnone size-full wp-image-1865\" src=\"https:\/\/www.secocenter.com\/wp-content\/uploads\/2020\/08\/unnamed.png\" alt=\"\" width=\"1250\" height=\"209\" \/><\/p>\n","protected":false},"featured_media":6297,"comment_status":"closed","ping_status":"closed","template":"","meta":[],"product_cat":[22],"product_tag":[66],"class_list":{"0":"post-6242","1":"product","2":"type-product","3":"status-publish","4":"has-post-thumbnail","6":"product_cat-impermeabilizacion","7":"product_tag-memb-asfalticas","9":"first","10":"instock","11":"taxable","12":"shipping-taxable","13":"purchasable","14":"product-type-simple"},"jetpack_sharing_enabled":true,"_links":{"self":[{"href":"https:\/\/secocenter.com\/index.php?rest_route=\/wp\/v2\/product\/6242","targetHints":{"allow":["GET"]}}],"collection":[{"href":"https:\/\/secocenter.com\/index.php?rest_route=\/wp\/v2\/product"}],"about":[{"href":"https:\/\/secocenter.com\/index.php?rest_route=\/wp\/v2\/types\/product"}],"replies":[{"embeddable":true,"href":"https:\/\/secocenter.com\/index.php?rest_route=%2Fwp%2Fv2%2Fcomments&post=6242"}],"wp:featuredmedia":[{"embeddable":true,"href":"https:\/\/secocenter.com\/index.php?rest_route=\/wp\/v2\/media\/6297"}],"wp:attachment":[{"href":"https:\/\/secocenter.com\/index.php?rest_route=%2Fwp%2Fv2%2Fmedia&parent=6242"}],"wp:term":[{"taxonomy":"product_cat","embeddable":true,"href":"https:\/\/secocenter.com\/index.php?rest_route=%2Fwp%2Fv2%2Fproduct_cat&post=6242"},{"taxonomy":"product_tag","embeddable":true,"href":"https:\/\/secocenter.com\/index.php?rest_route=%2Fwp%2Fv2%2Fproduct_tag&post=6242"}],"curies":[{"name":"wp","href":"https:\/\/api.w.org\/{rel}","templated":true}]}}