{"id":6093,"date":"2024-07-25T15:33:23","date_gmt":"2024-07-25T15:33:23","guid":{"rendered":"https:\/\/secocenter.com\/?post_type=product&#038;p=6093"},"modified":"2024-07-25T15:34:14","modified_gmt":"2024-07-25T15:34:14","slug":"silicona-neutra-soudal-300-ml","status":"publish","type":"product","link":"https:\/\/secocenter.com\/?product=silicona-neutra-soudal-300-ml","title":{"rendered":"SILICONA NEUTRA SOUDAL 300 ML"},"content":{"rendered":"<p><strong>Silicona neutra<\/strong><\/p>\n<p>Sellador de silicona neutra tipo oxima de 1\u00aa calidad para arquitectura, carpinter\u00eda y construcci\u00f3n, utilizado principalmente para el sellado de juntas de dilataci\u00f3n entre los m\u00e1s diversos materiales de construcci\u00f3n, sellado de juntas de edificaciones o fachadas y sellado de acristalamiento. R\u00e1pida formaci\u00f3n de piel y curado final.<\/p>\n<p><strong>Caracter\u00edsticas<\/strong><\/p>\n<ul>\n<li>Excelente aplicaci\u00f3n.<\/li>\n<li>Resistente a los rayos UV, lluvia, nieve.<\/li>\n<li>Curado r\u00e1pido.<\/li>\n<li>No desti\u00f1e.<\/li>\n<li>Inodoro.<\/li>\n<li>Elasticidad permanente.<\/li>\n<li>Excelente adherencia sobre hormig\u00f3n, madera, metal, aluminio.<\/li>\n<\/ul>\n<div align=\"center\">\n<div class=\"featured_props__content\">\n<div class=\"clearfix text-formatted field field--name-field-product-featured-props field--type-text-long field--label-hidden field__item\">\n<div class=\"item-list\">\n<div class=\"field__label\" style=\"text-align: left\"><strong>Aplicaciones<\/strong><\/div>\n<div><\/div>\n<div class=\"field__label\" style=\"text-align: left\">Acristalamiento, construcci\u00f3n y sellado industrial. Sellado perimetral de ventanas, marcos de puertas y sistemas de techo. Se puede utilizar en contacto directo con todo tipo de vidrio, excepto el autolimpiable. Sellado de juntas de dilataci\u00f3n. Sellado de techos incluyendo pizarras para techos y fibrocemento. Aplicaciones de sellado industrial; metales revestidos, aluminio anodizado, acero inoxidable. Conductos HVAC, tuber\u00edas y juntas de drenaje. Mantenimiento general y sellado.<\/div>\n<\/div>\n<\/div>\n<\/div>\n<\/div>\n<div style=\"text-align: left\"><\/div>\n<div><\/div>\n<div><\/div>\n<div align=\"center\">\n<div class=\"featured_props__content\">\n<div class=\"clearfix text-formatted field field--name-field-product-featured-props field--type-text-long field--label-hidden field__item\">\n<div class=\"item-list\">\n<\/p>\n<div class=\"field__label\" style=\"text-align: left\"><a href=\"https:\/\/www.secocenter.com\/wp-content\/uploads\/2020\/02\/Ficha-tecnica..pdf\">Ficha t\u00e9cnica del producto<\/a><\/div>\n<\/div>\n<\/div>\n<\/div>\n<\/div>\n","protected":false},"excerpt":{"rendered":"<p><img fetchpriority=\"high\" decoding=\"async\" class=\"alignnone size-full wp-image-1865\" src=\"https:\/\/www.secocenter.com\/wp-content\/uploads\/2020\/08\/unnamed.png\" alt=\"\" width=\"1250\" height=\"209\" \/><\/p>\n","protected":false},"featured_media":6143,"comment_status":"closed","ping_status":"closed","template":"","meta":[],"product_cat":[24],"product_tag":[54],"class_list":{"0":"post-6093","1":"product","2":"type-product","3":"status-publish","4":"has-post-thumbnail","6":"product_cat-adhesivos_y_selladores","7":"product_tag-selladores-y-adhes","9":"first","10":"instock","11":"taxable","12":"shipping-taxable","13":"purchasable","14":"product-type-simple"},"jetpack_sharing_enabled":true,"_links":{"self":[{"href":"https:\/\/secocenter.com\/index.php?rest_route=\/wp\/v2\/product\/6093","targetHints":{"allow":["GET"]}}],"collection":[{"href":"https:\/\/secocenter.com\/index.php?rest_route=\/wp\/v2\/product"}],"about":[{"href":"https:\/\/secocenter.com\/index.php?rest_route=\/wp\/v2\/types\/product"}],"replies":[{"embeddable":true,"href":"https:\/\/secocenter.com\/index.php?rest_route=%2Fwp%2Fv2%2Fcomments&post=6093"}],"wp:featuredmedia":[{"embeddable":true,"href":"https:\/\/secocenter.com\/index.php?rest_route=\/wp\/v2\/media\/6143"}],"wp:attachment":[{"href":"https:\/\/secocenter.com\/index.php?rest_route=%2Fwp%2Fv2%2Fmedia&parent=6093"}],"wp:term":[{"taxonomy":"product_cat","embeddable":true,"href":"https:\/\/secocenter.com\/index.php?rest_route=%2Fwp%2Fv2%2Fproduct_cat&post=6093"},{"taxonomy":"product_tag","embeddable":true,"href":"https:\/\/secocenter.com\/index.php?rest_route=%2Fwp%2Fv2%2Fproduct_tag&post=6093"}],"curies":[{"name":"wp","href":"https:\/\/api.w.org\/{rel}","templated":true}]}}