{"id":6089,"date":"2024-07-25T15:33:23","date_gmt":"2024-07-25T15:33:23","guid":{"rendered":"https:\/\/secocenter.com\/?post_type=product&#038;p=6089"},"modified":"2024-07-25T15:33:52","modified_gmt":"2024-07-25T15:33:52","slug":"adhesivo-fix-all-x-treme-soudal-290-ml-blanco","status":"publish","type":"product","link":"https:\/\/secocenter.com\/?product=adhesivo-fix-all-x-treme-soudal-290-ml-blanco","title":{"rendered":"ADHESIVO FIX ALL X-TREME SOUDAL 290 ML BLANCO"},"content":{"rendered":"<p><strong>Adhesivo<\/strong><\/p>\n<div class=\"field field--name-field-product-short-description field--type-string-long field--label-hidden field__item\">Adhesivo de uni\u00f3n de pol\u00edmero h\u00edbrido, de alta resistencia y con agarre inicial ULTIMATE (&gt;400 kg\/m\u00b2). Basado en la tecnolog\u00eda de pol\u00edmeros SMX, X-treme Power proporciona una fuerza de uni\u00f3n incre\u00edble y una adhesi\u00f3n sin imprimaci\u00f3n en la mayor\u00eda de los materiales de construcci\u00f3n, incluidas las superficies mojadas y h\u00famedas.<\/div>\n<div class=\"field field--name-field-product-short-description field--type-string-long field--label-hidden field__item\">Se utiliza principalmente para sellado y fijaci\u00f3n de todos los materiales y superficies de construcci\u00f3n (porosos, h\u00famedos, etc.) y en cualquier circunstancia, incluso con lluvia. Uso interior y exterior<\/div>\n<p><\/p>\n<div>\n<div class=\"field__label\"><strong>Caracter\u00edsticas<\/strong><\/div>\n<div><\/div>\n<div class=\"featured_props__content\">\n<div class=\"clearfix text-formatted field field--name-field-product-featured-props field--type-text-long field--label-hidden field__item\">\n<div class=\"item-list\">\n<ul>\n<li>Incre\u00edble agarre inicial (&gt;400 kg\/m\u00b2)<\/li>\n<li>Combina alta rigidez con muy alta resistencia de uni\u00f3n.<\/li>\n<li>Adhesi\u00f3n sin imprimaci\u00f3n<\/li>\n<li>TODOS los materiales, TODAS las superficies (excepto en PE, PP y PTFE)<\/li>\n<li>Pr\u00e1cticamente inodoro<\/li>\n<li>Aplicaciones interiores y exteriores<\/li>\n<li>Resistente al agua<\/li>\n<li>Alta resistencia verde, r\u00e1pida acumulaci\u00f3n de resistencia final, alta resistencia total despu\u00e9s del curado completo<\/li>\n<li>Propiedades mec\u00e1nicas de alto rendimiento<\/li>\n<li>No contiene isocianatos, silicona, solvente.<\/li>\n<li>Caucho el\u00e1stico flexible: Acomoda el movimiento hacia arriba al 20%<\/li>\n<li>No hay formaci\u00f3n de burbujas dentro del sellador (en aplicaciones de alta temperatura y humedad)<\/li>\n<li>Muy f\u00e1cil para realizar acabados<\/li>\n<li>Buena estabilidad del color y resistencia a los rayos UV.<\/li>\n<\/ul>\n<p><a href=\"https:\/\/www.secocenter.com\/wp-content\/uploads\/2020\/02\/Hightack-Ficha-Tecnica-1.pdf\">Ficha t\u00e9cnica del producto<\/a><\/p>\n<\/div>\n<\/div>\n<\/div>\n<\/div>\n","protected":false},"excerpt":{"rendered":"<p><img fetchpriority=\"high\" decoding=\"async\" class=\"alignnone size-full wp-image-1865\" src=\"https:\/\/www.secocenter.com\/wp-content\/uploads\/2020\/08\/unnamed.png\" alt=\"\" width=\"1250\" height=\"209\" \/><\/p>\n","protected":false},"featured_media":6139,"comment_status":"closed","ping_status":"closed","template":"","meta":[],"product_cat":[24],"product_tag":[54],"class_list":{"0":"post-6089","1":"product","2":"type-product","3":"status-publish","4":"has-post-thumbnail","6":"product_cat-adhesivos_y_selladores","7":"product_tag-selladores-y-adhes","9":"first","10":"instock","11":"taxable","12":"shipping-taxable","13":"purchasable","14":"product-type-simple"},"jetpack_sharing_enabled":true,"_links":{"self":[{"href":"https:\/\/secocenter.com\/index.php?rest_route=\/wp\/v2\/product\/6089","targetHints":{"allow":["GET"]}}],"collection":[{"href":"https:\/\/secocenter.com\/index.php?rest_route=\/wp\/v2\/product"}],"about":[{"href":"https:\/\/secocenter.com\/index.php?rest_route=\/wp\/v2\/types\/product"}],"replies":[{"embeddable":true,"href":"https:\/\/secocenter.com\/index.php?rest_route=%2Fwp%2Fv2%2Fcomments&post=6089"}],"wp:featuredmedia":[{"embeddable":true,"href":"https:\/\/secocenter.com\/index.php?rest_route=\/wp\/v2\/media\/6139"}],"wp:attachment":[{"href":"https:\/\/secocenter.com\/index.php?rest_route=%2Fwp%2Fv2%2Fmedia&parent=6089"}],"wp:term":[{"taxonomy":"product_cat","embeddable":true,"href":"https:\/\/secocenter.com\/index.php?rest_route=%2Fwp%2Fv2%2Fproduct_cat&post=6089"},{"taxonomy":"product_tag","embeddable":true,"href":"https:\/\/secocenter.com\/index.php?rest_route=%2Fwp%2Fv2%2Fproduct_tag&post=6089"}],"curies":[{"name":"wp","href":"https:\/\/api.w.org\/{rel}","templated":true}]}}