{"id":6088,"date":"2024-07-25T15:33:23","date_gmt":"2024-07-25T15:33:23","guid":{"rendered":"https:\/\/secocenter.com\/?post_type=product&#038;p=6088"},"modified":"2024-07-25T15:33:51","modified_gmt":"2024-07-25T15:33:51","slug":"adhesivo-pu-soudabond-easy-750-ml-req-pistola-soudal","status":"publish","type":"product","link":"https:\/\/secocenter.com\/?product=adhesivo-pu-soudabond-easy-750-ml-req-pistola-soudal","title":{"rendered":"ADHESIVO PU SOUDABOND EASY 750 ML REQ. PISTOLA SOUDAL"},"content":{"rendered":"<p><strong>Adhesivo<\/strong><\/p>\n<p>Soudabond EASY es una espuma adhesiva de poliuretano de alto rendimiento. R\u00e1pida y f\u00e1cil de usar, no requiere mezcla. Reemplaza los adhesivos tradicionales a base de polvo. La f\u00f3rmula combina una fuerte adherencia con caracter\u00edsticas de relleno, por lo que es adecuada para pegar superficies irregulares.\u00a0Sirve principalmente para la fijaci\u00f3n r\u00e1pida de paneles de aislamiento, yeso laminado y pegado de materiales de construcci\u00f3n ligeros (baldosas o azulejos).<\/p>\n<div class=\"field__label\"><strong>Caracter\u00edsticas\u00a0<\/strong><\/div>\n<div><\/div>\n<div class=\"featured_props__content\">\n<div class=\"clearfix text-formatted field field--name-field-product-featured-props field--type-text-long field--label-hidden field__item\">\n<div class=\"item-list\">\n<ul>\n<li>Adhesivo de poliuretano monocomponente<\/li>\n<li>Hasta un 30% m\u00e1s r\u00e1pido que los m\u00e9todos tradicionales<\/li>\n<li>Efecto de relleno: Autonivelante + relleno de huecos.<\/li>\n<li>No requiere mezcla<\/li>\n<li>Materiales porosos y no porosos<\/li>\n<li>R\u00e1pida y f\u00e1cil aplicaci\u00f3n, no requiere preparaci\u00f3n previa<\/li>\n<li>Secado r\u00e1pido. Se trabaja despu\u00e9s de una hora de aplicaci\u00f3n<\/li>\n<li>No necesita limpieza posterior<\/li>\n<\/ul>\n<\/div>\n<\/div>\n<\/div>\n<div>\n<div class=\"field__label\"><strong>Aplicaciones<\/strong><\/div>\n<div><\/div>\n<div class=\"field__item\">\n<div class=\"item-list\">\n<ul>\n<li>Pegado limpio, eficiente y econ\u00f3mico de muchos tipos de paneles de aislamiento: poliuretano, fenol, espuma de resina. Tambi\u00e9n se puede utilizar para unir poliestireno. Pegado de placas de cart\u00f3n-yeso en aplicaciones de revestimiento. Se puede utilizar para pegar muros sin carga. Pega muchos otros materiales de construcci\u00f3n como ladrillo, piedra, aluminio, cer\u00e1mica, MDF, acero, corcho, madera y aglomerado.<\/li>\n<\/ul>\n<p><a href=\"https:\/\/www.secocenter.com\/wp-content\/uploads\/2020\/02\/Soudabond-ficha-t.pdf\">Ficha t\u00e9cnica del producto<\/a><\/p>\n<\/div>\n<\/div>\n<\/div>\n","protected":false},"excerpt":{"rendered":"<p><img fetchpriority=\"high\" decoding=\"async\" class=\"alignnone size-full wp-image-1865\" src=\"https:\/\/www.secocenter.com\/wp-content\/uploads\/2020\/08\/unnamed.png\" alt=\"\" width=\"1250\" height=\"209\" \/><\/p>\n","protected":false},"featured_media":6138,"comment_status":"closed","ping_status":"closed","template":"","meta":[],"product_cat":[24],"product_tag":[54],"class_list":{"0":"post-6088","1":"product","2":"type-product","3":"status-publish","4":"has-post-thumbnail","6":"product_cat-adhesivos_y_selladores","7":"product_tag-selladores-y-adhes","9":"first","10":"instock","11":"taxable","12":"shipping-taxable","13":"purchasable","14":"product-type-simple"},"jetpack_sharing_enabled":true,"_links":{"self":[{"href":"https:\/\/secocenter.com\/index.php?rest_route=\/wp\/v2\/product\/6088","targetHints":{"allow":["GET"]}}],"collection":[{"href":"https:\/\/secocenter.com\/index.php?rest_route=\/wp\/v2\/product"}],"about":[{"href":"https:\/\/secocenter.com\/index.php?rest_route=\/wp\/v2\/types\/product"}],"replies":[{"embeddable":true,"href":"https:\/\/secocenter.com\/index.php?rest_route=%2Fwp%2Fv2%2Fcomments&post=6088"}],"wp:featuredmedia":[{"embeddable":true,"href":"https:\/\/secocenter.com\/index.php?rest_route=\/wp\/v2\/media\/6138"}],"wp:attachment":[{"href":"https:\/\/secocenter.com\/index.php?rest_route=%2Fwp%2Fv2%2Fmedia&parent=6088"}],"wp:term":[{"taxonomy":"product_cat","embeddable":true,"href":"https:\/\/secocenter.com\/index.php?rest_route=%2Fwp%2Fv2%2Fproduct_cat&post=6088"},{"taxonomy":"product_tag","embeddable":true,"href":"https:\/\/secocenter.com\/index.php?rest_route=%2Fwp%2Fv2%2Fproduct_tag&post=6088"}],"curies":[{"name":"wp","href":"https:\/\/api.w.org\/{rel}","templated":true}]}}