{"id":5916,"date":"2024-07-25T15:31:18","date_gmt":"2024-07-25T15:31:18","guid":{"rendered":"https:\/\/secocenter.com\/?post_type=product&#038;p=5916"},"modified":"2024-07-25T15:31:48","modified_gmt":"2024-07-25T15:31:48","slug":"montante-estructural-100mm-e-0-92-x-6m","status":"publish","type":"product","link":"https:\/\/secocenter.com\/?product=montante-estructural-100mm-e-0-92-x-6m","title":{"rendered":"MONTANTE ESTRUCTURAL 100MM E 0.92 X 6M"},"content":{"rendered":"<p>Perfiles C estructurales BARBIERI\u00ae Galvanizados para sistema constructivo Steel Frame\u00ae<\/p>\n<p><strong>CARACTERISITICAS DE ACERO BASE:<\/strong><\/p>\n<p>Grado ZAR 250 de la Norma IRAM IAS U 500-214<\/p>\n<p>Recubrimiento galvanizado &#8211; Z 275 = 275gr\/mtr2 TST ambas caras<\/p>\n<p>&nbsp;<\/p>\n<p><strong>STEEL FRAME<\/strong><\/p>\n<p>El Steel Framing es un sistema constructivo liviano\u00a0 y abierto (TIPO C y U). Con este sistema se puede construir cualquier tipo vivienda o edificio de baja altura con infinidad de dise\u00f1os y complejidades.<\/p>\n<p><em>Tiene varias ventajas respecto de la construcci\u00f3n tradicional:<\/em><\/p>\n<p><em>\u2022 Rapidez de construcci\u00f3n (Plazo de obra igual a 30% del plazo de la obra tradicional)<\/em><br \/>\n<em>\u2022 Limpieza de obra.<\/em><br \/>\n<em>\u2022 Mayor confort y ahorro energ\u00e9tico, debido a la utilizaci\u00f3n de aislaciones t\u00e9rmicas.<\/em><br \/>\n<em>\u2022 Menor costo total de construcci\u00f3n.<\/em><\/p>\n<p><em>Entre otros.<\/em><\/p>\n","protected":false},"excerpt":{"rendered":"<p><img fetchpriority=\"high\" decoding=\"async\" class=\"alignnone size-full wp-image-1865\" src=\"https:\/\/www.secocenter.com\/wp-content\/uploads\/2020\/08\/unnamed.png\" alt=\"\" width=\"1250\" height=\"209\" \/><\/p>\n","protected":false},"featured_media":5965,"comment_status":"closed","ping_status":"closed","template":"","meta":[],"product_cat":[46],"product_tag":[47],"class_list":{"0":"post-5916","1":"product","2":"type-product","3":"status-publish","4":"has-post-thumbnail","6":"product_cat-steel-framing","7":"product_tag-perfiles-estructurales","9":"first","10":"instock","11":"taxable","12":"shipping-taxable","13":"purchasable","14":"product-type-simple"},"jetpack_sharing_enabled":true,"_links":{"self":[{"href":"https:\/\/secocenter.com\/index.php?rest_route=\/wp\/v2\/product\/5916","targetHints":{"allow":["GET"]}}],"collection":[{"href":"https:\/\/secocenter.com\/index.php?rest_route=\/wp\/v2\/product"}],"about":[{"href":"https:\/\/secocenter.com\/index.php?rest_route=\/wp\/v2\/types\/product"}],"replies":[{"embeddable":true,"href":"https:\/\/secocenter.com\/index.php?rest_route=%2Fwp%2Fv2%2Fcomments&post=5916"}],"wp:featuredmedia":[{"embeddable":true,"href":"https:\/\/secocenter.com\/index.php?rest_route=\/wp\/v2\/media\/5965"}],"wp:attachment":[{"href":"https:\/\/secocenter.com\/index.php?rest_route=%2Fwp%2Fv2%2Fmedia&parent=5916"}],"wp:term":[{"taxonomy":"product_cat","embeddable":true,"href":"https:\/\/secocenter.com\/index.php?rest_route=%2Fwp%2Fv2%2Fproduct_cat&post=5916"},{"taxonomy":"product_tag","embeddable":true,"href":"https:\/\/secocenter.com\/index.php?rest_route=%2Fwp%2Fv2%2Fproduct_tag&post=5916"}],"curies":[{"name":"wp","href":"https:\/\/api.w.org\/{rel}","templated":true}]}}